{"id":1538,"date":"2017-07-27T08:25:49","date_gmt":"2017-07-27T08:25:49","guid":{"rendered":"http:\/\/www.mueblesjumar.es\/?page_id=1538\/"},"modified":"2018-06-08T11:58:35","modified_gmt":"2018-06-08T11:58:35","slug":"home","status":"publish","type":"page","link":"https:\/\/www.mueblesjumar.es\/fr\/","title":{"rendered":"Home"},"content":{"rendered":"<div class=\"wpb-content-wrapper\"><p>[vc_row][vc_column][rev_slider_vc alias=\u00a0\u00bbhome\u00a0\u00bb][\/vc_column][\/vc_row][vc_row full_width=\u00a0\u00bbstretch_row\u00a0\u00bb css=\u00a0\u00bb.vc_custom_1492519298266{padding-bottom: 61px !important;background-image: url(http:\/\/www.mueblesjumar.es\/wp-content\/uploads\/2017\/03\/fondo_burbujas.jpg?id=51) !important;background-position: center !important;background-repeat: no-repeat !important;background-size: cover !important;}\u00a0\u00bb el_class=\u00a0\u00bbfondo_burbujas\u00a0\u00bb][vc_column css=\u00a0\u00bb.vc_custom_1489755122568{padding-top: 25px !important;}\u00a0\u00bb][vc_row_inner el_id=\u00a0\u00bbsecciones_home\u00a0\u00bb][vc_column_inner width=\u00a0\u00bb1\/2&Prime;][vc_single_image image=\u00a0\u00bb5206&Prime; img_size=\u00a0\u00bbfull\u00a0\u00bb alignment=\u00a0\u00bbcenter\u00a0\u00bb onclick=\u00a0\u00bbcustom_link\u00a0\u00bb css=\u00a0\u00bb.vc_custom_1527145557070{margin-bottom: 0px !important;}\u00a0\u00bb link=\u00a0\u00bbhttp:\/\/www.mueblesjumar.es\/fr\/produits\/\u00a0\u00bb][\/vc_column_inner][vc_column_inner width=\u00a0\u00bb1\/2&Prime;][vc_single_image image=\u00a0\u00bb58&Prime; img_size=\u00a0\u00bbfull\u00a0\u00bb alignment=\u00a0\u00bbcenter\u00a0\u00bb onclick=\u00a0\u00bbcustom_link\u00a0\u00bb css=\u00a0\u00bb.vc_custom_1527063518482{margin-bottom: 20px !important;}\u00a0\u00bb link=\u00a0\u00bbhttp:\/\/www.mueblesjumar.es\/fr\/installations-et-showroom\/\u00a0\u00bb][vc_single_image image=\u00a0\u00bb5210&Prime; img_size=\u00a0\u00bbfull\u00a0\u00bb alignment=\u00a0\u00bbcenter\u00a0\u00bb onclick=\u00a0\u00bbcustom_link\u00a0\u00bb css=\u00a0\u00bb.vc_custom_1527145684781{margin-bottom: 20px !important;}\u00a0\u00bb link=\u00a0\u00bbhttp:\/\/www.mueblesjumar.es\/fr\/design-sur-mesure\/\u00a0\u00bb][\/vc_column_inner][\/vc_row_inner][vc_column_text el_class=\u00a0\u00bbtitulo_azul_montserrat\u00a0\u00bb css=\u00a0\u00bb.vc_custom_1490098169094{margin-top: 80px !important;margin-bottom: 12px !important;}\u00a0\u00bb]<\/p>\n<h1 style=\"text-align: center;\">MUEBLES JUMAR<\/h1>\n<p>[\/vc_column_text][vc_column_text el_class=\u00a0\u00bblema_home\u00a0\u00bb]<\/p>\n<h2 style=\"text-align: center;\">Plus de 40 ans de fabrication de meubles de salle de bain \u00e0 la pointe du design.<\/h2>\n<p>[\/vc_column_text][vc_column_text el_id=\u00a0\u00bbtexto_home\u00a0\u00bb]<\/p>\n<p style=\"text-align: center;\">Chez Jumar, nous distribuons des meubles de salle de bain pour de grandes surfaces nationales et internationales depuis quatre d\u00e9cennies.\u00a0Notre exp\u00e9rience et notre passion pour le design nous ont permis de devenir un leader mondial dans la fabrication de meubles en m\u00e9lamine et DM.<\/p>\n<p style=\"text-align: center;\">Chez Muebles Jumar, nous r\u00e9alisons le processus de production complet de chacun de nos produits en Espagne dans nos installations \u00e9quip\u00e9es de la plus haute technologie.\u00a0Cela nous permet d\u2019avoir un total contr\u00f4le de notre qualit\u00e9 pour r\u00e9pondre aux normes europ\u00e9ennes les plus strictes.<\/p>\n<p style=\"text-align: center;\">Environ 1300 magasins de bricolage \u00e0 travers le monde vendent nos meubles et les meilleures marques approuvent nos produits:<\/p>\n<p>[\/vc_column_text][vc_column_text el_id=\u00a0\u00bblogos_home\u00a0\u00bb]<img loading=\"lazy\" decoding=\"async\" class=\"alignnone size-full wp-image-78\" src=\"http:\/\/www.mueblesjumar.es\/wp-content\/uploads\/2017\/03\/bricor.png\" alt=\"\" width=\"180\" height=\"78\" \/><img loading=\"lazy\" decoding=\"async\" class=\"alignnone size-full wp-image-76\" src=\"http:\/\/www.mueblesjumar.es\/wp-content\/uploads\/2017\/03\/el-corte-ingles.png\" alt=\"\" width=\"179\" height=\"103\" \/><img loading=\"lazy\" decoding=\"async\" class=\"alignnone size-full wp-image-77\" src=\"http:\/\/www.mueblesjumar.es\/wp-content\/uploads\/2017\/03\/bricoking.png\" alt=\"\" width=\"179\" height=\"59\" \/><img loading=\"lazy\" decoding=\"async\" class=\"alignnone size-full wp-image-79\" src=\"http:\/\/www.mueblesjumar.es\/wp-content\/uploads\/2017\/03\/bricorama.png\" alt=\"\" width=\"175\" height=\"94\" \/><img loading=\"lazy\" decoding=\"async\" class=\"alignnone size-full wp-image-81\" src=\"http:\/\/www.mueblesjumar.es\/wp-content\/uploads\/2017\/03\/ehlis.png\" alt=\"\" width=\"180\" height=\"62\" \/><img loading=\"lazy\" decoding=\"async\" class=\"alignnone size-full wp-image-80\" src=\"http:\/\/www.mueblesjumar.es\/wp-content\/uploads\/2017\/03\/carrefour.png\" alt=\"\" width=\"134\" height=\"103\" \/>[\/vc_column_text][vc_column_text el_class=\u00a0\u00bbenlace_semibold_azul\u00a0\u00bb]<\/p>\n<p style=\"text-align: center;\"><a href=\"http:\/\/www.mueblesjumar.es\/empresa\/\">SAVOIR PLUS<\/a><\/p>\n<p>[\/vc_column_text][\/vc_column][\/vc_row][vc_row full_width=\u00a0\u00bbstretch_row\u00a0\u00bb css=\u00a0\u00bb.vc_custom_1493977546121{background-image: url(http:\/\/www.mueblesjumar.es\/wp-content\/uploads\/2017\/03\/fondo_internacional.jpg?id=92) !important;background-position: center !important;background-repeat: no-repeat !important;background-size: cover !important;}\u00a0\u00bb el_class=\u00a0\u00bballways_cover\u00a0\u00bb][vc_column][vc_column_text el_class=\u00a0\u00bbtitulo_azul_montserrat\u00a0\u00bb css=\u00a0\u00bb.vc_custom_1526977288278{margin-top: 60px !important;margin-bottom: 0px !important;}\u00a0\u00bb]<\/p>\n<h2 style=\"text-align: center;\">UNE COMPAGNIE INTERNATIONALE<\/h2>\n<p>[\/vc_column_text][vc_column_text el_class=\u00a0\u00bbtexto_internacional\u00a0\u00bb]<\/p>\n<p style=\"text-align: center;\">Muebles Jumar est pr\u00e9sent en <strong>Espagne<\/strong>, en <strong>France<\/strong>, en <strong>Italie<\/strong>, en <strong>Allemagne<\/strong>, au <strong>Luxembourg<\/strong> et en <strong>Belgique<\/strong>.<\/p>\n<p>[\/vc_column_text][vc_single_image image=\u00a0\u00bb5214&Prime; img_size=\u00a0\u00bbfull\u00a0\u00bb alignment=\u00a0\u00bbcenter\u00a0\u00bb onclick=\u00a0\u00bbcustom_link\u00a0\u00bb css=\u00a0\u00bb.vc_custom_1527145782448{margin-top: 62px !important;margin-bottom: 100px !important;}\u00a0\u00bb link=\u00a0\u00bbhttp:\/\/www.mueblesjumar.es\/fr\/presence-international\/\u00a0\u00bb][\/vc_column][\/vc_row][vc_row][vc_column][vc_column_text el_class=\u00a0\u00bbtitulo_azul_montserrat\u00a0\u00bb css=\u00a0\u00bb.vc_custom_1526977424339{margin-top: 60px !important;margin-bottom: 54px !important;}\u00a0\u00bb]<\/p>\n<h2 style=\"text-align: center;\">DERNI\u00c8RES NOUVELLES<\/h2>\n<p>[\/vc_column_text][vc_basic_grid post_type=\u00a0\u00bbpost\u00a0\u00bb max_items=\u00a0\u00bb3&Prime; item=\u00a0\u00bb123&Prime; grid_id=\u00a0\u00bbvc_gid:1528459006823-ba006fa3-c27e-2&Prime;][vc_column_text el_class=\u00a0\u00bbenlace_semibold_azul\u00a0\u00bb css=\u00a0\u00bb.vc_custom_1527248641501{margin-bottom: 100px !important;}\u00a0\u00bb]<\/p>\n<p style=\"text-align: center;\"><a href=\"http:\/\/www.mueblesjumar.es\/fr\/nouvelles\/\">LIRE PLUS NOUVELLES<br \/>\n<\/a><\/p>\n<p>[\/vc_column_text][\/vc_column][\/vc_row][vc_row full_width=\u00a0\u00bbstretch_row\u00a0\u00bb css=\u00a0\u00bb.vc_custom_1490111478523{padding-bottom: 62px !important;background-color: #edeef0 !important;}\u00a0\u00bb][vc_column][vc_column_text el_class=\u00a0\u00bbtitulo_azul_montserrat\u00a0\u00bb css=\u00a0\u00bb.vc_custom_1526977450976{margin-top: 50px !important;margin-bottom: 45px !important;}\u00a0\u00bb]<\/p>\n<h2 style=\"text-align: center;\">CERTIFICATS DE QUALIT\u00c9<\/h2>\n<p>[\/vc_column_text][vc_row_inner el_id=\u00a0\u00bbcertificados_calidad\u00a0\u00bb][vc_column_inner width=\u00a0\u00bb1\/4&Prime;][vc_single_image image=\u00a0\u00bb130&Prime; img_size=\u00a0\u00bbfull\u00a0\u00bb][\/vc_column_inner][vc_column_inner width=\u00a0\u00bb1\/4&Prime;][vc_single_image image=\u00a0\u00bb136&Prime; img_size=\u00a0\u00bbfull\u00a0\u00bb][\/vc_column_inner][vc_column_inner width=\u00a0\u00bb1\/4&Prime;][vc_single_image image=\u00a0\u00bb138&Prime; img_size=\u00a0\u00bbfull\u00a0\u00bb][\/vc_column_inner][vc_column_inner width=\u00a0\u00bb1\/4&Prime;][vc_single_image image=\u00a0\u00bb139&Prime; img_size=\u00a0\u00bbfull\u00a0\u00bb][\/vc_column_inner][\/vc_row_inner][\/vc_column][\/vc_row]<\/p>\n<\/div>","protected":false},"excerpt":{"rendered":"<p>[vc_row][vc_column][rev_slider_vc alias=\u00a0\u00bbhome\u00a0\u00bb][\/vc_column][\/vc_row][vc_row full_width=\u00a0\u00bbstretch_row\u00a0\u00bb css=\u00a0\u00bb.vc_custom_1492519298266{padding-bottom: 61px !important;background-image: url(http:\/\/www.mueblesjumar.es\/wp-content\/uploads\/2017\/03\/fondo_burbujas.jpg?id=51) !important;background-position: center !important;background-repeat: no-repeat !important;background-size: cover !important;}\u00a0\u00bb el_class=\u00a0\u00bbfondo_burbujas\u00a0\u00bb][vc_column css=\u00a0\u00bb.vc_custom_1489755122568{padding-top: 25px !important;}\u00a0\u00bb][vc_row_inner el_id=\u00a0\u00bbsecciones_home\u00a0\u00bb][vc_column_inner width=\u00a0\u00bb1\/2&Prime;][vc_single_image image=\u00a0\u00bb5206&Prime; img_size=\u00a0\u00bbfull\u00a0\u00bb alignment=\u00a0\u00bbcenter\u00a0\u00bb onclick=\u00a0\u00bbcustom_link\u00a0\u00bb css=\u00a0\u00bb.vc_custom_1527145557070{margin-bottom: 0px !important;}\u00a0\u00bb link=\u00a0\u00bbhttp:\/\/www.mueblesjumar.es\/fr\/produits\/\u00a0\u00bb][\/vc_column_inner][vc_column_inner width=\u00a0\u00bb1\/2&Prime;][vc_single_image image=\u00a0\u00bb58&Prime; img_size=\u00a0\u00bbfull\u00a0\u00bb alignment=\u00a0\u00bbcenter\u00a0\u00bb onclick=\u00a0\u00bbcustom_link\u00a0\u00bb css=\u00a0\u00bb.vc_custom_1527063518482{margin-bottom: 20px !important;}\u00a0\u00bb link=\u00a0\u00bbhttp:\/\/www.mueblesjumar.es\/fr\/installations-et-showroom\/\u00a0\u00bb][vc_single_image image=\u00a0\u00bb5210&Prime; img_size=\u00a0\u00bbfull\u00a0\u00bb alignment=\u00a0\u00bbcenter\u00a0\u00bb onclick=\u00a0\u00bbcustom_link\u00a0\u00bb css=\u00a0\u00bb.vc_custom_1527145684781{margin-bottom: 20px !important;}\u00a0\u00bb link=\u00a0\u00bbhttp:\/\/www.mueblesjumar.es\/fr\/design-sur-mesure\/\u00a0\u00bb][\/vc_column_inner][\/vc_row_inner][vc_column_text el_class=\u00a0\u00bbtitulo_azul_montserrat\u00a0\u00bb css=\u00a0\u00bb.vc_custom_1490098169094{margin-top: 80px !important;margin-bottom: 12px !important;}\u00a0\u00bb] MUEBLES JUMAR [\/vc_column_text][vc_column_text el_class=\u00a0\u00bblema_home\u00a0\u00bb] [&hellip;]<\/p>\n","protected":false},"author":5,"featured_media":0,"parent":0,"menu_order":0,"comment_status":"closed","ping_status":"closed","template":"","meta":{"footnotes":""},"class_list":["post-1538","page","type-page","status-publish","hentry"],"_links":{"self":[{"href":"https:\/\/www.mueblesjumar.es\/fr\/wp-json\/wp\/v2\/pages\/1538","targetHints":{"allow":["GET"]}}],"collection":[{"href":"https:\/\/www.mueblesjumar.es\/fr\/wp-json\/wp\/v2\/pages"}],"about":[{"href":"https:\/\/www.mueblesjumar.es\/fr\/wp-json\/wp\/v2\/types\/page"}],"author":[{"embeddable":true,"href":"https:\/\/www.mueblesjumar.es\/fr\/wp-json\/wp\/v2\/users\/5"}],"replies":[{"embeddable":true,"href":"https:\/\/www.mueblesjumar.es\/fr\/wp-json\/wp\/v2\/comments?post=1538"}],"version-history":[{"count":11,"href":"https:\/\/www.mueblesjumar.es\/fr\/wp-json\/wp\/v2\/pages\/1538\/revisions"}],"predecessor-version":[{"id":5520,"href":"https:\/\/www.mueblesjumar.es\/fr\/wp-json\/wp\/v2\/pages\/1538\/revisions\/5520"}],"wp:attachment":[{"href":"https:\/\/www.mueblesjumar.es\/fr\/wp-json\/wp\/v2\/media?parent=1538"}],"curies":[{"name":"wp","href":"https:\/\/api.w.org\/{rel}","templated":true}]}}