{"id":1554,"date":"2017-07-27T08:30:03","date_gmt":"2017-07-27T08:30:03","guid":{"rendered":"http:\/\/www.mueblesjumar.es\/?page_id=1554\/"},"modified":"2018-06-08T12:01:57","modified_gmt":"2018-06-08T12:01:57","slug":"entreprise","status":"publish","type":"page","link":"https:\/\/www.mueblesjumar.es\/fr\/entreprise\/","title":{"rendered":"Entreprise"},"content":{"rendered":"<div class=\"wpb-content-wrapper\"><p>[vc_row full_width=\u00a0\u00bbstretch_row\u00a0\u00bb css=\u00a0\u00bb.vc_custom_1490267789294{background-image: url(http:\/\/www.mueblesjumar.es\/wp-content\/uploads\/2017\/03\/cabecera_quienes_somos.jpg?id=179) !important;background-position: center !important;background-repeat: no-repeat !important;background-size: cover !important;}\u00a0\u00bb el_id=\u00a0\u00bbcabecera_con_imagen\u00a0\u00bb][vc_column][vc_column_text]<\/p>\n<h1>\u00ab\u00a0Jumar, leaders en fabrication<br \/>\nde meubles de salle de bain\u00a0\u00bb<\/h1>\n<p>[\/vc_column_text][\/vc_column][\/vc_row][vc_row el_id=\u00a0\u00bbsubmenu\u00a0\u00bb][vc_column css=\u00a0\u00bb.vc_custom_1490271297608{padding-top: 0px !important;}\u00a0\u00bb][vc_wp_custommenu nav_menu=\u00a0\u00bb172&Prime;][\/vc_column][\/vc_row][vc_row full_width=\u00a0\u00bbstretch_row_content_no_spaces\u00a0\u00bb equal_height=\u00a0\u00bbyes\u00a0\u00bb css=\u00a0\u00bb.vc_custom_1492519390139{background-image: url(http:\/\/www.mueblesjumar.es\/wp-content\/uploads\/2017\/03\/burbujas2.jpg?id=355) !important;background-position: center !important;background-repeat: no-repeat !important;background-size: cover !important;}\u00a0\u00bb el_class=\u00a0\u00bbfondo_burbujas\u00a0\u00bb][vc_column css=\u00a0\u00bb.vc_custom_1490272475484{padding-top: 0px !important;}\u00a0\u00bb][vc_row_inner equal_height=\u00a0\u00bbyes\u00a0\u00bb css=\u00a0\u00bb.vc_custom_1490273824676{margin-bottom: 70px !important;background-position: center !important;background-repeat: no-repeat !important;background-size: cover !important;}\u00a0\u00bb][vc_column_inner width=\u00a0\u00bb1\/2&Prime; el_id=\u00a0\u00bbcolumna_texto_empresa\u00a0\u00bb][vc_column_text]<\/p>\n<h2>QUI SOMMES NOUS<\/h2>\n<h3>Plus de 40 ans de fabrication de meubles de salle<br \/>\nde bain \u00e0 l&rsquo;avant-garde du design.<\/h3>\n<p>Nous sommes une entreprise sp\u00e9cialis\u00e9e dans la distribution de meubles de salle de bains pour les grandes surfaces. Avec des exportations au niveau national et international, nous sommes une r\u00e9f\u00e9rence dans la fabrication de meubles de salle de bains en m\u00e9lamine et DM.<\/p>\n<p>Gr\u00e2ce \u00e0 nos installations de 15.000 m2 \u00e9quip\u00e9es des derni\u00e8res technologies et notre \u00e9quipe d&rsquo;experts, nous r\u00e9alisons notre processus de production complet, ce qui nous permet d\u2019avoir une qualit\u00e9 maximale et un contr\u00f4le permanent sur chacune des phases de production.<\/p>\n<p>Nous sommes actuellement pr\u00e9sents dans plus de 1 250 magasins de bricolage \u00e0 travers le monde et travaillons avec les meilleures marques:[\/vc_column_text][\/vc_column_inner][vc_column_inner width=\u00a0\u00bb1\/2&Prime; css=\u00a0\u00bb.vc_custom_1493977913939{margin-left: 50px !important;background-image: url(http:\/\/www.mueblesjumar.es\/wp-content\/uploads\/2017\/03\/jumar_empresa.jpg?id=201) !important;background-position: center !important;background-repeat: no-repeat !important;background-size: cover !important;}\u00a0\u00bb el_id=\u00a0\u00bbcolumna_imagen_empresa\u00a0\u00bb][\/vc_column_inner][\/vc_row_inner][vc_column_text css=\u00a0\u00bb.vc_custom_1527146253674{margin-bottom: 71px !important;}\u00a0\u00bb]<\/p>\n<p style=\"text-align: center;\"><img loading=\"lazy\" decoding=\"async\" width=\"258\" height=\"300\" class=\"alignnone size-medium wp-image-210\" style=\"margin: 10px;\" src=\"http:\/\/www.mueblesjumar.es\/wp-content\/uploads\/2017\/03\/experiencia_40_anyos-258x300.png\" srcset=\"https:\/\/www.mueblesjumar.es\/wp-content\/uploads\/2017\/03\/experiencia_40_anyos-258x300.png 258w, https:\/\/www.mueblesjumar.es\/wp-content\/uploads\/2017\/03\/experiencia_40_anyos.png 374w\" sizes=\"auto, (max-width: 258px) 100vw, 258px\" \/><img loading=\"lazy\" decoding=\"async\" width=\"291\" height=\"300\" class=\"alignnone size-medium wp-image-211\" style=\"margin: 10px;\" src=\"http:\/\/www.mueblesjumar.es\/wp-content\/uploads\/2017\/03\/flexibilidad_disenyo_medida-291x300.png\" srcset=\"https:\/\/www.mueblesjumar.es\/wp-content\/uploads\/2017\/03\/flexibilidad_disenyo_medida-291x300.png 291w, https:\/\/www.mueblesjumar.es\/wp-content\/uploads\/2017\/03\/flexibilidad_disenyo_medida.png 422w\" sizes=\"auto, (max-width: 291px) 100vw, 291px\" \/><img loading=\"lazy\" decoding=\"async\" width=\"226\" height=\"300\" class=\"alignnone size-medium wp-image-212\" style=\"margin: 10px;\" src=\"http:\/\/www.mueblesjumar.es\/wp-content\/uploads\/2017\/03\/1250_tiendas-226x300.png\" srcset=\"https:\/\/www.mueblesjumar.es\/wp-content\/uploads\/2017\/03\/1250_tiendas-226x300.png 226w, https:\/\/www.mueblesjumar.es\/wp-content\/uploads\/2017\/03\/1250_tiendas.png 328w\" sizes=\"auto, (max-width: 226px) 100vw, 226px\" \/><\/p>\n<p>[\/vc_column_text][vc_column_text el_class=\u00a0\u00bbtexto_sin_puntos_suspensivos\u00a0\u00bb css=\u00a0\u00bb.vc_custom_1526991549767{margin-bottom: 65px !important;}\u00a0\u00bb]NOS CLIENTS[\/vc_column_text][vc_images_carousel images=\u00a0\u00bb327,329,328,326,331,330,332,334,333,336,335,337,338,637,339&Prime; img_size=\u00a0\u00bbfull\u00a0\u00bb onclick=\u00a0\u00bblink_no\u00a0\u00bb slides_per_view=\u00a0\u00bb6&Prime; hide_prev_next_buttons=\u00a0\u00bbyes\u00a0\u00bb wrap=\u00a0\u00bbyes\u00a0\u00bb el_id=\u00a0\u00bbcarousel_logos\u00a0\u00bb][\/vc_column][\/vc_row]<\/p>\n<\/div>","protected":false},"excerpt":{"rendered":"<p>[vc_row full_width=\u00a0\u00bbstretch_row\u00a0\u00bb css=\u00a0\u00bb.vc_custom_1490267789294{background-image: url(http:\/\/www.mueblesjumar.es\/wp-content\/uploads\/2017\/03\/cabecera_quienes_somos.jpg?id=179) !important;background-position: center !important;background-repeat: no-repeat !important;background-size: cover !important;}\u00a0\u00bb el_id=\u00a0\u00bbcabecera_con_imagen\u00a0\u00bb][vc_column][vc_column_text] \u00ab\u00a0Jumar, leaders en fabrication de meubles de salle de bain\u00a0\u00bb [\/vc_column_text][\/vc_column][\/vc_row][vc_row el_id=\u00a0\u00bbsubmenu\u00a0\u00bb][vc_column css=\u00a0\u00bb.vc_custom_1490271297608{padding-top: 0px !important;}\u00a0\u00bb][vc_wp_custommenu nav_menu=\u00a0\u00bb172&Prime;][\/vc_column][\/vc_row][vc_row full_width=\u00a0\u00bbstretch_row_content_no_spaces\u00a0\u00bb equal_height=\u00a0\u00bbyes\u00a0\u00bb css=\u00a0\u00bb.vc_custom_1492519390139{background-image: url(http:\/\/www.mueblesjumar.es\/wp-content\/uploads\/2017\/03\/burbujas2.jpg?id=355) !important;background-position: center !important;background-repeat: no-repeat !important;background-size: cover !important;}\u00a0\u00bb el_class=\u00a0\u00bbfondo_burbujas\u00a0\u00bb][vc_column css=\u00a0\u00bb.vc_custom_1490272475484{padding-top: 0px !important;}\u00a0\u00bb][vc_row_inner equal_height=\u00a0\u00bbyes\u00a0\u00bb css=\u00a0\u00bb.vc_custom_1490273824676{margin-bottom: 70px !important;background-position: center !important;background-repeat: no-repeat !important;background-size: cover !important;}\u00a0\u00bb][vc_column_inner width=\u00a0\u00bb1\/2&Prime; el_id=\u00a0\u00bbcolumna_texto_empresa\u00a0\u00bb][vc_column_text] [&hellip;]<\/p>\n","protected":false},"author":5,"featured_media":0,"parent":0,"menu_order":0,"comment_status":"closed","ping_status":"closed","template":"","meta":{"footnotes":""},"class_list":["post-1554","page","type-page","status-publish","hentry"],"_links":{"self":[{"href":"https:\/\/www.mueblesjumar.es\/fr\/wp-json\/wp\/v2\/pages\/1554","targetHints":{"allow":["GET"]}}],"collection":[{"href":"https:\/\/www.mueblesjumar.es\/fr\/wp-json\/wp\/v2\/pages"}],"about":[{"href":"https:\/\/www.mueblesjumar.es\/fr\/wp-json\/wp\/v2\/types\/page"}],"author":[{"embeddable":true,"href":"https:\/\/www.mueblesjumar.es\/fr\/wp-json\/wp\/v2\/users\/5"}],"replies":[{"embeddable":true,"href":"https:\/\/www.mueblesjumar.es\/fr\/wp-json\/wp\/v2\/comments?post=1554"}],"version-history":[{"count":8,"href":"https:\/\/www.mueblesjumar.es\/fr\/wp-json\/wp\/v2\/pages\/1554\/revisions"}],"predecessor-version":[{"id":5522,"href":"https:\/\/www.mueblesjumar.es\/fr\/wp-json\/wp\/v2\/pages\/1554\/revisions\/5522"}],"wp:attachment":[{"href":"https:\/\/www.mueblesjumar.es\/fr\/wp-json\/wp\/v2\/media?parent=1554"}],"curies":[{"name":"wp","href":"https:\/\/api.w.org\/{rel}","templated":true}]}}