{"id":1592,"date":"2017-07-27T08:40:43","date_gmt":"2017-07-27T08:40:43","guid":{"rendered":"http:\/\/www.mueblesjumar.es\/?page_id=1592\/"},"modified":"2018-06-14T09:27:17","modified_gmt":"2018-06-14T09:27:17","slug":"politique-des-cookies","status":"publish","type":"page","link":"https:\/\/www.mueblesjumar.es\/fr\/politique-des-cookies\/","title":{"rendered":"Politique des cookies"},"content":{"rendered":"<div class=\"wpb-content-wrapper\"><p>[vc_row full_width=\u00a0\u00bbstretch_row\u00a0\u00bb css=\u00a0\u00bb.vc_custom_1500639081251{background-image: url(http:\/\/www.mueblesjumar.es\/wp-content\/uploads\/2017\/03\/cabecera_quienes_somos.jpg?id=179) !important;background-position: center !important;background-repeat: no-repeat !important;background-size: cover !important;}\u00a0\u00bb][vc_column][vc_column_text]<\/p>\n<h1 style=\"color: #fff;\">POLITIQUE DES COOKIES<\/h1>\n<p>[\/vc_column_text][\/vc_column][\/vc_row][vc_row css=\u00a0\u00bb.vc_custom_1500639777116{padding-bottom: 20px !important;}\u00a0\u00bb][vc_column][vc_column_text]<\/p>\n<h2><strong>Politique des Cookies<\/strong><\/h2>\n<p>Un cookie est un petit fichier texte qui est stock\u00e9 dans votre navigateur lorsque vous visitez presque n&rsquo;importe quelle page Web. Son utilit\u00e9 est que le web est capable de se souvenir de votre visite lorsque vous revenez pour parcourir cette page. Les cookies stockent g\u00e9n\u00e9ralement des informations de nature technique, les pr\u00e9f\u00e9rences personnelles, la personnalisation du contenu, les statistiques d&rsquo;utilisation, les liens vers les r\u00e9seaux sociaux, l&rsquo;acc\u00e8s aux comptes d&rsquo;utilisateurs, etc. Le but du cookie est d&rsquo;adapter le contenu du site web \u00e0 votre profil et \u00e0 vos besoins, sans les cookies les services offerts par une page seraient consid\u00e9rablement r\u00e9duits.[\/vc_column_text][vc_column_text]<\/p>\n<h2>PLUS D&rsquo;INFORMATIONS SUR LES COOKIES<\/h2>\n<p><strong>Qu&rsquo;est-ce qu&rsquo;un cookie?<\/strong><br \/>\nUn cookie est un fichier texte inoffensif qui est stock\u00e9 dans votre navigateur lorsque vous visitez presque n&rsquo;importe quelle page Web. L&rsquo;utilit\u00e9 du cookie est que le site Web peut se souvenir de votre visite lorsque vous revenez sur cette page. Bien que beaucoup de gens ne le sachent pas, les cookies ont \u00e9t\u00e9 utilis\u00e9s pendant 20 ans, lorsque les premiers navigateurs pour le World Wide Web sont apparus.[\/vc_column_text][vc_column_text]<strong>Un cookie ce n\u00b4est pas?<\/strong><br \/>\nCe n&rsquo;est ni un virus, ni un cheval de Troie, ni un ver, ni un spam, ni un logiciel espion, ni un pop-up Windows ouvert.[\/vc_column_text][vc_column_text]<strong>Quelles informations un cookie stocke-t-il?<\/strong><\/p>\n<p>Les cookies ne stockent g\u00e9n\u00e9ralement pas d&rsquo;informations sensibles \u00e0 votre sujet, telles que les cartes de cr\u00e9dit ou les coordonn\u00e9es bancaires, les photos, votre carte d&rsquo;identit\u00e9 ou vos informations personnelles, etc. Les donn\u00e9es qu&rsquo;ils conservent sont de nature technique, de pr\u00e9f\u00e9rences personnelles, de personnalisation des contenus, etc.<\/p>\n<p>Le serveur Web ne vous associe pas en tant que personne, mais votre navigateur Web. De fait, si vous naviguez r\u00e9guli\u00e8rement sur Internet Explorer et que vous essayez de naviguer sur le m\u00eame site avec Firefox ou Chrome, vous verrez que le Web ne r\u00e9alise pas que vous \u00eates la m\u00eame personne car il associe vraiment le navigateur, pas la personne.[\/vc_column_text][vc_column_text]<strong>Quel genre de cookies y a-t-il?<\/strong><\/p>\n<ul>\n<li>Cookies techniques: Ils sont les plus basiques et permettent, entre autres, de savoir lorsqu&rsquo;une application humaine ou automatis\u00e9e navigue, lorsqu&rsquo;un utilisateur anonyme et inscrit navigue, des t\u00e2ches basiques pour le fonctionnement de tout site web dynamique.<\/li>\n<li>Cookies d&rsquo;analyse: Ils collectent des informations sur le type de navigation que vous faites, les rubriques que vous utilisez le plus, les produits consult\u00e9s, la page d&rsquo;utilisation, la langue, etc.<\/li>\n<li>Cookies publicitaires: ils diffusent des publicit\u00e9s en fonction de votre navegation de votre pays d&rsquo;origine, de votre langue, etc.<\/li>\n<\/ul>\n<p>[\/vc_column_text][vc_column_text]<strong>Quels sont les cookies propres et tiers?<\/strong><br \/>\nLes cookies personnels sont ceux g\u00e9n\u00e9r\u00e9s par la page que vous visitez et ceux des tiers sont ceux g\u00e9n\u00e9r\u00e9s par des services externes ou des fournisseurs tels que Facebook, Twitter, Google, etc.[\/vc_column_text][vc_column_text]<strong>Que se passe-t-il si je d\u00e9sactive les cookies?<\/strong><br \/>\nPour comprendre la port\u00e9e qui peut avoir d\u00e9sactiver les cookies, nous montrons quelques exemples:<\/p>\n<ul>\n<li>Vous ne pouvez pas partager le contenu de ce site sur Facebook, Twitter ou tout autre r\u00e9seau social.<\/li>\n<li>Le site Web ne sera pas en mesure d&rsquo;adapter le contenu \u00e0 ses pr\u00e9f\u00e9rences personnelles, comme c&rsquo;est g\u00e9n\u00e9ralement le cas dans les boutiques en ligne.<\/li>\n<li>Vous ne pouvez pas acc\u00e9der \u00e0 la zone personnelle de ce site Web, telle que Mon compte, Mon profil ou Mes commandes.<\/li>\n<li>Magasins en ligne: Il sera impossible de faire des achats en ligne, ils doivent \u00eatre par t\u00e9l\u00e9phone ou en visitant le magasin physique si vous l&rsquo;avez.<\/li>\n<li>Il ne sera pas possible de personnaliser vos pr\u00e9f\u00e9rences g\u00e9ographiques en tant que fuseau horaire, devise ou langue.<\/li>\n<li>Le site Web ne sera pas en mesure d&rsquo;effectuer des analyses Web sur les visiteurs et le trafic sur le Web, ce qui compliquera la comp\u00e9titivit\u00e9 du site Web.<\/li>\n<li>Vous ne pouvez pas \u00e9crire sur le blog, vous ne pouvez pas t\u00e9l\u00e9charger de photos, publier des commentaires, \u00e9valuer ou \u00e9valuer le contenu. Le Web ne pourra pas savoir si vous \u00eates une application humaine ou automatis\u00e9e qui publie du spam.<\/li>\n<li>La publicit\u00e9 sectorielle ne peut \u00eatre diffus\u00e9e, ce qui r\u00e9duira les revenus publicitaires du site.<\/li>\n<li>Tous les r\u00e9seaux sociaux utilisent des cookies, si vous les d\u00e9sactivez, vous ne pourrez utiliser aucun r\u00e9seau social.<\/li>\n<\/ul>\n<p>[\/vc_column_text][vc_column_text]<strong>Les cookies peuvent-ils \u00eatre supprim\u00e9s?<\/strong><br \/>\nOui, non seulement supprimer, bloquer aussi, d&rsquo;une mani\u00e8re g\u00e9n\u00e9rale ou particuli\u00e8re pour un domaine sp\u00e9cifique.<br \/>\nPour supprimer les cookies d&rsquo;un site Web, vous devez aller \u00e0 la configuration de votre navigateur et l\u00e0, vous pouvez rechercher le associ\u00e9 au domaine en question et proc\u00e9der \u00e0 sa suppression.[\/vc_column_text][vc_column_text]<strong>Configuration de cookies pour les navigateurs les plus populaires<\/strong><br \/>\nVoici comment acc\u00e9der \u00e0 un cookie sp\u00e9cifique dans le <strong>navigateur Chrome<\/strong>. Remarque: ces \u00e9tapes peuvent varier en fonction de la version du navigateur:<\/p>\n<ul>\n<li>Acc\u00e9dez \u00e0 Param\u00e8tres ou Pr\u00e9f\u00e9rences via le menu Fichier ou en cliquant sur l&rsquo;ic\u00f4ne de personnalisation qui appara\u00eet en haut \u00e0 droite.<\/li>\n<li>Vous verrez diff\u00e9rentes sections, cliquez sur l&rsquo;option Afficher les options avanc\u00e9es.<\/li>\n<li>Allez dans Confidentialit\u00e9, Param\u00e8tres de contenu.<\/li>\n<li>S\u00e9lectionnez Tous les cookies et les donn\u00e9es du site.<\/li>\n<li>Une liste avec tous les cookies class\u00e9s par domaine appara\u00eetra. Pour faciliter la recherche des cookies d&rsquo;un domaine sp\u00e9cifique, entrez l&rsquo;adresse partiellement ou compl\u00e8tement dans le champ Cookies de recherche.<\/li>\n<li>Apr\u00e8s avoir compl\u00e9t\u00e9 ce filtre, une ou plusieurs lignes avec les cookies du web demand\u00e9 apparaissent sur l&rsquo;\u00e9cran. Maintenant il vous suffit de le s\u00e9lectionner et appuyez sur X pour proc\u00e9der \u00e0 son \u00e9limination.<\/li>\n<\/ul>\n<p>Pour acc\u00e9der aux param\u00e8tres de cookies du navigateur <strong>Internet Explorer<\/strong>, proc\u00e9dez comme suit (cela peut varier selon la version du navigateur):<\/p>\n<ul>\n<li>Allez dans Outils, Options Internet.<\/li>\n<li>Cliquez sur Confidentialit\u00e9.<\/li>\n<li>D\u00e9placez le curseur pour ajuster le niveau de confidentialit\u00e9 souhait\u00e9.<\/li>\n<\/ul>\n<p>Pour acc\u00e9der aux param\u00e8tres de cookies du <strong>navigateur Firefox<\/strong>, proc\u00e9dez comme suit (cela peut varier en fonction de la version du navigateur):<\/p>\n<ul>\n<li>Allez dans Options ou Pr\u00e9f\u00e9rences en fonction de votre syst\u00e8me d&rsquo;exploitation.<\/li>\n<li>Cliquez sur Confidentialit\u00e9.<\/li>\n<li>Sous Historique, choisissez Utiliser les param\u00e8tres personnalis\u00e9s pour l&rsquo;historique.<\/li>\n<li>Vous verrez maintenant l&rsquo;option Accepter les cookies, vous pouvez l&rsquo;activer ou la d\u00e9sactiver selon vos pr\u00e9f\u00e9rences.<\/li>\n<\/ul>\n<p>Pour acc\u00e9der \u00e0 la configuration des cookies du <strong>navigateur Safari pour OSX<\/strong>, proc\u00e9dez comme suit (cela peut varier selon la version du navigateur):<\/p>\n<ul>\n<li>Allez dans Pr\u00e9f\u00e9rences, puis Confidentialit\u00e9.<\/li>\n<li>\u00c0 cet endroit, vous verrez l&rsquo;option Bloquer les cookies afin que vous puissiez ajuster le type de blocage que vous souhaitez effectuer.<\/li>\n<\/ul>\n<p>Pour acc\u00e9der \u00e0 la configuration des cookies du <strong>navigateur Safari pour iOS<\/strong>, proc\u00e9dez comme suit (cela peut varier en fonction de la version du navigateur):<\/p>\n<ul>\n<li>Allez dans Param\u00e8tres, puis Safari.<\/li>\n<li>Acc\u00e9dez \u00e0 Confidentialit\u00e9 et s\u00e9curit\u00e9, vous verrez l&rsquo;option Bloquer les cookies afin que vous puissiez ajuster le type de blocage que vous souhaitez effectuer.<\/li>\n<\/ul>\n<p>Pour acc\u00e9der aux param\u00e8tres de cookies du navigateur pour les appareils <strong>Android<\/strong>, proc\u00e9dez comme suit (cela peut varier en fonction de la version du navigateur):<\/p>\n<ul>\n<li>Lancez le navigateur et appuyez sur la touche Menu, puis sur Param\u00e8tres.<\/li>\n<li>Acc\u00e9dez \u00e0 S\u00e9curit\u00e9 et confidentialit\u00e9, vous verrez l&rsquo;option Accepter les cookies pour activer ou d\u00e9sactiver la bo\u00eete.<\/li>\n<\/ul>\n<p>Pour acc\u00e9der aux param\u00e8tres de cookies du navigateur pour les appareils <strong>Windows Phone<\/strong>, proc\u00e9dez comme suit (cela peut varier en fonction de la version du navigateur):<\/p>\n<ul>\n<li>Ouvrez Internet Explorer, puis Plus, puis Param\u00e8tres.<\/li>\n<li>Vous pouvez maintenant activer ou d\u00e9sactiver la case Autoriser les cookies.<\/li>\n<\/ul>\n<p>[\/vc_column_text][vc_column_text]<strong>Cookies utilis\u00e9s sur ce site<\/strong><br \/>\nEn suivant les directives de l&rsquo;Agence Espagnole pour la Protection des Donn\u00e9es, nous proc\u00e9dons \u00e0 l&rsquo;utilisation d\u00e9taill\u00e9e des cookies faits par ce site afin de vous informer le plus pr\u00e9cis\u00e9ment possible.<br \/>\nCe site utilise les <strong>cookies tiers suivants:<\/strong><\/p>\n<ul>\n<li>Google Analytics: stocke les cookies pour pouvoir compiler des statistiques sur le trafic et le volume de visites sur ce site, ainsi que la langue utilis\u00e9e. En utilisant ce site, vous consentez au traitement des informations vous concernant par Google. Par cons\u00e9quent, l&rsquo;exercice de tout droit \u00e0 cet \u00e9gard doit le faire en communiquant directement avec Google. <strong>(P.e.: -APISID, CONSENT, HSID, NID, SID, _ga, _gat)<\/strong><\/li>\n<\/ul>\n<p>[\/vc_column_text][vc_column_text]<strong>D\u00e9sactivation ou \u00e9limination des cookies<\/strong><br \/>\nVous pouvez \u00e0 tout moment exercer votre droit de d\u00e9sactiver ou d&rsquo;\u00e9liminer les cookies de ce site. Ces actions sont effectu\u00e9es diff\u00e9remment selon le navigateur que vous utilisez. Il est important de souligner que ces technologies ne sont pas intrusives, puisque toutes les informations obtenues \u00e0 travers les cookies sont compl\u00e8tement anonymes, et en aucun cas peuvent \u00eatre associ\u00e9es \u00e0 un utilisateur sp\u00e9cifique et identifi\u00e9. Cette information permet <strong>\u00e0<\/strong> <strong>MUEBLES JUMAR, S.L.<\/strong> adapter et am\u00e9liorer leurs Services aux int\u00e9r\u00eats des utilisateurs. Cependant, l&rsquo;utilisateur a la possibilit\u00e9 d&#8217;emp\u00eacher la g\u00e9n\u00e9ration de cookies, en s\u00e9lectionnant l&rsquo;option correspondante dans son programme de navigation. <strong>MUEBLES JUMAR, S.L.<\/strong> informe que dans le cas o\u00f9 vous d\u00e9sactivez l&rsquo;utilisation de cookies, la navigation peut \u00eatre plus lente que d&rsquo;habitude.<\/p>\n<p>D&rsquo;autre part, en ce qui concerne les compl\u00e9ments d&rsquo;entit\u00e9s externes (tels que les services Google Inc) utilis\u00e9s sur notre portail Web, nous recommandons \u00e0 tous les utilisateurs d&rsquo;acc\u00e9der aux politiques de confidentialit\u00e9 de chaque fournisseur de services pour obtenir plus d&rsquo;informations.<\/p>\n<p><em>&#8211; http:\/\/www.google.es\/intl\/es\/policies\/privacy\/<\/em>[\/vc_column_text][vc_column_text]<strong>Notes suppl\u00e9mentaires<\/strong><\/p>\n<ul>\n<li>Ni ce site ni ses repr\u00e9sentants l\u00e9gaux ne sont responsables du contenu ou de la v\u00e9racit\u00e9 des politiques de confidentialit\u00e9 qui peuvent \u00eatre d\u00e9tenues par les tiers mentionn\u00e9s dans cette politique de cookies.<\/li>\n<li>Les navigateurs Web sont les outils en charge du stockage des cookies et de ce lieu vous devez exercer votre droit de les \u00e9liminer ou de les d\u00e9sactiver. Ni ce site ni ses repr\u00e9sentants l\u00e9gaux ne peuvent garantir la manipulation correcte ou incorrecte des cookies par les navigateurs susmentionn\u00e9s.<\/li>\n<li>Dans certains cas, il est n\u00e9cessaire d&rsquo;installer des cookies afin que le navigateur n&rsquo;oublie pas sa d\u00e9cision de ne pas les accepter.<\/li>\n<li>Dans le cas des cookies de Google Analytics, cookies entreprise stocke sur des serveurs aux \u00c9tats-Unis et accepter de ne pas partager avec des tiers, sauf dans les cas o\u00f9 n\u00e9cessaires au bon fonctionnement du syst\u00e8me ou lorsque requis par la loi \u00e0 cette fin. Selon Google, il ne sauvegarde pas votre adresse IP. Google Inc. est une soci\u00e9t\u00e9 attach\u00e9e \u00e0 l&rsquo;accord Safe Harbor garantit que toutes les donn\u00e9es transf\u00e9r\u00e9es seront trait\u00e9es avec un niveau de protection conforme aux normes europ\u00e9ennes.<\/li>\n<li>Pour toute question ou demande concernant cette politique de cookies, n&rsquo;h\u00e9sitez pas \u00e0 nous contacter via la section contact.<\/li>\n<\/ul>\n<p>[\/vc_column_text][\/vc_column][\/vc_row]<\/p>\n<\/div>","protected":false},"excerpt":{"rendered":"<p>[vc_row full_width=\u00a0\u00bbstretch_row\u00a0\u00bb css=\u00a0\u00bb.vc_custom_1500639081251{background-image: url(http:\/\/www.mueblesjumar.es\/wp-content\/uploads\/2017\/03\/cabecera_quienes_somos.jpg?id=179) !important;background-position: center !important;background-repeat: no-repeat !important;background-size: cover !important;}\u00a0\u00bb][vc_column][vc_column_text] POLITIQUE DES COOKIES [\/vc_column_text][\/vc_column][\/vc_row][vc_row css=\u00a0\u00bb.vc_custom_1500639777116{padding-bottom: 20px !important;}\u00a0\u00bb][vc_column][vc_column_text] Politique des Cookies Un cookie est un petit fichier texte qui est stock\u00e9 dans votre navigateur lorsque vous visitez presque n&rsquo;importe quelle page Web. Son utilit\u00e9 est que le web est capable de se souvenir de votre [&hellip;]<\/p>\n","protected":false},"author":5,"featured_media":0,"parent":0,"menu_order":0,"comment_status":"closed","ping_status":"closed","template":"","meta":{"footnotes":""},"class_list":["post-1592","page","type-page","status-publish","hentry"],"_links":{"self":[{"href":"https:\/\/www.mueblesjumar.es\/fr\/wp-json\/wp\/v2\/pages\/1592","targetHints":{"allow":["GET"]}}],"collection":[{"href":"https:\/\/www.mueblesjumar.es\/fr\/wp-json\/wp\/v2\/pages"}],"about":[{"href":"https:\/\/www.mueblesjumar.es\/fr\/wp-json\/wp\/v2\/types\/page"}],"author":[{"embeddable":true,"href":"https:\/\/www.mueblesjumar.es\/fr\/wp-json\/wp\/v2\/users\/5"}],"replies":[{"embeddable":true,"href":"https:\/\/www.mueblesjumar.es\/fr\/wp-json\/wp\/v2\/comments?post=1592"}],"version-history":[{"count":5,"href":"https:\/\/www.mueblesjumar.es\/fr\/wp-json\/wp\/v2\/pages\/1592\/revisions"}],"predecessor-version":[{"id":5916,"href":"https:\/\/www.mueblesjumar.es\/fr\/wp-json\/wp\/v2\/pages\/1592\/revisions\/5916"}],"wp:attachment":[{"href":"https:\/\/www.mueblesjumar.es\/fr\/wp-json\/wp\/v2\/media?parent=1592"}],"curies":[{"name":"wp","href":"https:\/\/api.w.org\/{rel}","templated":true}]}}