{"id":1602,"date":"2017-07-27T08:49:34","date_gmt":"2017-07-27T08:49:34","guid":{"rendered":"http:\/\/www.mueblesjumar.es\/?page_id=1602\/"},"modified":"2018-05-29T11:34:56","modified_gmt":"2018-05-29T11:34:56","slug":"avis-legal","status":"publish","type":"page","link":"https:\/\/www.mueblesjumar.es\/fr\/avis-legal\/","title":{"rendered":"Avis l\u00e9gal"},"content":{"rendered":"<div class=\"wpb-content-wrapper\"><p>[vc_row full_width=\u00a0\u00bbstretch_row\u00a0\u00bb css=\u00a0\u00bb.vc_custom_1500639081251{background-image: url(http:\/\/www.mueblesjumar.es\/wp-content\/uploads\/2017\/03\/cabecera_quienes_somos.jpg?id=179) !important;background-position: center !important;background-repeat: no-repeat !important;background-size: cover !important;}\u00a0\u00bb][vc_column][vc_column_text]<\/p>\n<h1 style=\"color: #fff;\">AVIS L\u00c9GAL<\/h1>\n<p>[\/vc_column_text][\/vc_column][\/vc_row][vc_row css=\u00a0\u00bb.vc_custom_1500639512438{padding-bottom: 60px !important;}\u00a0\u00bb][vc_column][vc_column_text]Conform\u00e9ment \u00e0 la loi 34\/2002 du 11 juillet, Services de la soci\u00e9t\u00e9 de l&rsquo;information et du commerce \u00e9lectronique, nous vous informons des informations suivantes:<\/p>\n<p>Propri\u00e9taire de ce site:<br \/>\n<strong>MUEBLES JUMAR, S.L.<\/strong><br \/>\nCtra De La Garrofera, s \/ n de Massalav\u00e9s (46292) Vcia.<br \/>\nCIF: B-46209722<br \/>\nTlf.: 962440165<br \/>\ne-mail: info@mueblesjumar.es<\/p>\n<p>L&rsquo;utilisation du contenu et \/ ou des services du portail par l&rsquo;utilisateur implique l&rsquo;acceptation expresse des conditions suivantes:[\/vc_column_text][vc_column_text css=\u00a0\u00bb.vc_custom_1527593663272{padding-top: px !important;}\u00a0\u00bb]<\/p>\n<h2>Conditions d&rsquo;utilisation du portail<\/h2>\n<p><strong>MUEBLES JUMAR, S.L.<\/strong> se r\u00e9serve le droit d&rsquo;apporter des modifications au contenu de ce portail sans pr\u00e9avis, ainsi que sa configuration et sa pr\u00e9sentation. Ce site peut contenir des liens vers des sites externes, n&rsquo;\u00e9tant pas <strong>MUEBLES JUMAR, S.L.<\/strong> responsable du contenu de ces pages externes ou de tout autre aspect li\u00e9 \u00e0 celles-ci.<\/p>\n<p>Les textes, images, logos et autres contenus inclus dans ce portail sont la propri\u00e9t\u00e9 de <strong>MUEBLES JUMAR, S.L.<\/strong> Il est interdit la transmission, la distribution, la reproduction ou le stockage, total ou partiel, sauf si le consentement pr\u00e9alable de <strong>MUEBLES JUMAR, S.L.<\/strong> est obtenu, et sauf indication contraire.<\/p>\n<p>Afin d&rsquo;installer ou d&rsquo;utiliser tout logiciel t\u00e9l\u00e9chargeable \u00e0 partir de ce portail, les termes du contrat de licence, le cas \u00e9ch\u00e9ant, qui accompagnent ou sont inclus dans le logiciel doivent \u00eatre pr\u00e9alablement accept\u00e9s. <strong>MUEBLES JUMAR, S.L.<\/strong> n&rsquo;est pas responsable des dommages qui peuvent survenir en raison de l&rsquo;utilisation de versions non mises \u00e0 jour des navigateurs, ou des cons\u00e9quences qui peuvent d\u00e9couler du mauvais fonctionnement du navigateur, soit en raison d&rsquo;une configuration incorrecte, de la pr\u00e9sence de virus informatiques ou de toute autre cause autre que <strong>MUEBLES JUMAR, S.L.<\/strong>[\/vc_column_text][vc_column_text css=\u00a0\u00bb.vc_custom_1527593669256{padding-top: px !important;}\u00a0\u00bb]<\/p>\n<h2>L\u00e9gislation applicable et juridiction<\/h2>\n<p>Le pr\u00e9sent avis juridique est r\u00e9gi dans chacun de ses extr\u00eames par la loi espagnole, \u00e9tant comp\u00e9tent pour la r\u00e9solution de tout conflit d\u00e9coulant ou li\u00e9 \u00e0 l&rsquo;utilisation de ce portail aux cours et tribunaux de Valence.[\/vc_column_text][vc_column_text css=\u00a0\u00bb.vc_custom_1527593674584{padding-top: px !important;}\u00a0\u00bb]<\/p>\n<h2>PRIVACIT\u00c9 ET COOKIES<\/h2>\n<p>Consulter <a href=\"http:\/\/www.mueblesjumar.es\/politica-de-cookies\/\">politique de cookies<\/a><br \/>\nConsulter <a href=\"http:\/\/www.mueblesjumar.es\/politica-de-privacidad\/\">politique de privacit\u00e9<\/a>[\/vc_column_text][\/vc_column][\/vc_row]<\/p>\n<\/div>","protected":false},"excerpt":{"rendered":"<p>[vc_row full_width=\u00a0\u00bbstretch_row\u00a0\u00bb css=\u00a0\u00bb.vc_custom_1500639081251{background-image: url(http:\/\/www.mueblesjumar.es\/wp-content\/uploads\/2017\/03\/cabecera_quienes_somos.jpg?id=179) !important;background-position: center !important;background-repeat: no-repeat !important;background-size: cover !important;}\u00a0\u00bb][vc_column][vc_column_text] AVIS L\u00c9GAL [\/vc_column_text][\/vc_column][\/vc_row][vc_row css=\u00a0\u00bb.vc_custom_1500639512438{padding-bottom: 60px !important;}\u00a0\u00bb][vc_column][vc_column_text]Conform\u00e9ment \u00e0 la loi 34\/2002 du 11 juillet, Services de la soci\u00e9t\u00e9 de l&rsquo;information et du commerce \u00e9lectronique, nous vous informons des informations suivantes: Propri\u00e9taire de ce site: MUEBLES JUMAR, S.L. Ctra De La Garrofera, s \/ n de [&hellip;]<\/p>\n","protected":false},"author":5,"featured_media":0,"parent":0,"menu_order":0,"comment_status":"closed","ping_status":"closed","template":"","meta":{"footnotes":""},"class_list":["post-1602","page","type-page","status-publish","hentry"],"_links":{"self":[{"href":"https:\/\/www.mueblesjumar.es\/fr\/wp-json\/wp\/v2\/pages\/1602","targetHints":{"allow":["GET"]}}],"collection":[{"href":"https:\/\/www.mueblesjumar.es\/fr\/wp-json\/wp\/v2\/pages"}],"about":[{"href":"https:\/\/www.mueblesjumar.es\/fr\/wp-json\/wp\/v2\/types\/page"}],"author":[{"embeddable":true,"href":"https:\/\/www.mueblesjumar.es\/fr\/wp-json\/wp\/v2\/users\/5"}],"replies":[{"embeddable":true,"href":"https:\/\/www.mueblesjumar.es\/fr\/wp-json\/wp\/v2\/comments?post=1602"}],"version-history":[{"count":6,"href":"https:\/\/www.mueblesjumar.es\/fr\/wp-json\/wp\/v2\/pages\/1602\/revisions"}],"predecessor-version":[{"id":5291,"href":"https:\/\/www.mueblesjumar.es\/fr\/wp-json\/wp\/v2\/pages\/1602\/revisions\/5291"}],"wp:attachment":[{"href":"https:\/\/www.mueblesjumar.es\/fr\/wp-json\/wp\/v2\/media?parent=1602"}],"curies":[{"name":"wp","href":"https:\/\/api.w.org\/{rel}","templated":true}]}}