{"id":1612,"date":"2017-07-27T08:53:18","date_gmt":"2017-07-27T08:53:18","guid":{"rendered":"http:\/\/www.mueblesjumar.es\/?page_id=1612\/"},"modified":"2018-06-06T08:11:02","modified_gmt":"2018-06-06T08:11:02","slug":"qualite","status":"publish","type":"page","link":"https:\/\/www.mueblesjumar.es\/fr\/qualite\/","title":{"rendered":"Qualit\u00e9"},"content":{"rendered":"<div class=\"wpb-content-wrapper\"><p>[vc_row full_width=\u00a0\u00bbstretch_row\u00a0\u00bb css=\u00a0\u00bb.vc_custom_1490267789294{background-image: url(http:\/\/www.mueblesjumar.es\/wp-content\/uploads\/2017\/03\/cabecera_quienes_somos.jpg?id=179) !important;background-position: center !important;background-repeat: no-repeat !important;background-size: cover !important;}\u00a0\u00bb el_id=\u00a0\u00bbcabecera_con_imagen\u00a0\u00bb][vc_column][vc_column_text]<\/p>\n<h1>\u00ab\u00a0Jumar, leaders en fabrication<br \/>\nde meubles de salle de bain\u00a0\u00bb<\/h1>\n<p>[\/vc_column_text][\/vc_column][\/vc_row][vc_row el_id=\u00a0\u00bbsubmenu\u00a0\u00bb][vc_column css=\u00a0\u00bb.vc_custom_1490271297608{padding-top: 0px !important;}\u00a0\u00bb][vc_wp_custommenu nav_menu=\u00a0\u00bb8&Prime;][\/vc_column][\/vc_row][vc_row full_width=\u00a0\u00bbstretch_row_content_no_spaces\u00a0\u00bb equal_height=\u00a0\u00bbyes\u00a0\u00bb css=\u00a0\u00bb.vc_custom_1492519352115{background-image: url(http:\/\/www.mueblesjumar.es\/wp-content\/uploads\/2017\/03\/burbujas2.jpg?id=355) !important;background-position: center !important;background-repeat: no-repeat !important;background-size: cover !important;}\u00a0\u00bb el_class=\u00a0\u00bbfondo_burbujas\u00a0\u00bb][vc_column css=\u00a0\u00bb.vc_custom_1490272475484{padding-top: 0px !important;}\u00a0\u00bb][vc_row_inner equal_height=\u00a0\u00bbyes\u00a0\u00bb css=\u00a0\u00bb.vc_custom_1490285928038{margin-bottom: 120px !important;background-position: center !important;background-repeat: no-repeat !important;background-size: cover !important;}\u00a0\u00bb][vc_column_inner width=\u00a0\u00bb1\/2&Prime; el_id=\u00a0\u00bbcolumna_texto_empresa\u00a0\u00bb css=\u00a0\u00bb.vc_custom_1490284624866{padding-bottom: 25px !important;}\u00a0\u00bb][vc_column_text]<\/p>\n<h2>QUALIT\u00c9 JUMAR<\/h2>\n<h3>Qualit\u00e9 europ\u00e9enne, tranquillit\u00e9 pour nos clients<\/h3>\n<p>La qualit\u00e9 de nos produits est la satisfaction du client final.<\/p>\n<p>Chez Muebles Jumar, nous savons \u00e0 quel point la qualit\u00e9 est importante pour nos clients. Pour cette raison, nous fabriquons en Espagne sous les normes de fabrication europ\u00e9ennes les plus strictes.<\/p>\n<p>La qualit\u00e9 de nos produits se traduit par la satisfaction du client final et une exp\u00e9rience post-achat parfaite. Notre objectif est que vos clients aient la meilleure exp\u00e9rience avec votre entreprise et la qualit\u00e9 de vos produits.[\/vc_column_text][\/vc_column_inner][vc_column_inner width=\u00a0\u00bb1\/2&Prime; css=\u00a0\u00bb.vc_custom_1493977990657{margin-left: 50px !important;background-image: url(http:\/\/www.mueblesjumar.es\/wp-content\/uploads\/2017\/03\/calidad_jumar.jpg?id=261) !important;background-position: center !important;background-repeat: no-repeat !important;background-size: cover !important;}\u00a0\u00bb el_id=\u00a0\u00bbcolumna_imagen_empresa\u00a0\u00bb][\/vc_column_inner][\/vc_row_inner][vc_column_text el_class=\u00a0\u00bbtexto_sin_puntos_suspensivos\u00a0\u00bb css=\u00a0\u00bb.vc_custom_1526993376709{margin-bottom: 65px !important;}\u00a0\u00bb]NOS TAMPONS DE QUALIT\u00c9[\/vc_column_text][vc_row_inner el_class=\u00a0\u00bbsellos_de_calidad\u00a0\u00bb css=\u00a0\u00bb.vc_custom_1490598450530{margin-bottom: 15px !important;}\u00a0\u00bb][vc_column_inner width=\u00a0\u00bb1\/3&Prime; css=\u00a0\u00bb.vc_custom_1490360026872{padding-top: 130px !important;background-image: url(http:\/\/www.mueblesjumar.es\/wp-content\/uploads\/2017\/03\/AIDIMA.png?id=267) !important;background-position: 0 0 !important;background-repeat: no-repeat !important;}\u00a0\u00bb][vc_column_text]<strong>\u00c9tiquette de qualit\u00e9 contr\u00f4l\u00e9e.\u00a0V\u00e9rifi\u00e9 par AIDIMA<\/strong>[\/vc_column_text][\/vc_column_inner][vc_column_inner width=\u00a0\u00bb1\/3&Prime; css=\u00a0\u00bb.vc_custom_1490286468143{padding-top: 130px !important;background-image: url(http:\/\/www.mueblesjumar.es\/wp-content\/uploads\/2017\/03\/AIMME.png?id=274) !important;background-position: 0 0 !important;background-repeat: no-repeat !important;}\u00a0\u00bb][vc_column_text]<strong>Eclairages des miroirs.\u00a0Tests effectu\u00e9s par AIMME<\/strong><\/p>\n<ul>\n<li>UNE EN 60598-1 : 09<\/li>\n<li>UNE 60598-2-1-1 : 93<\/li>\n<li>UTE-C71-113 (modifi\u00e9 par NF<br \/>\nC15-100\/A2 nov.2008)<\/li>\n<\/ul>\n<p>[\/vc_column_text][\/vc_column_inner][vc_column_inner width=\u00a0\u00bb1\/3&Prime; css=\u00a0\u00bb.vc_custom_1490286474462{padding-top: 130px !important;background-image: url(http:\/\/www.mueblesjumar.es\/wp-content\/uploads\/2017\/03\/todo_certificados.png?id=275) !important;background-position: 0 0 !important;background-repeat: no-repeat !important;}\u00a0\u00bb][vc_column_text]<strong>Tous les mod\u00e8les sont certifi\u00e9s selon les r\u00e8glements:<\/strong><\/p>\n<ul>\n<li>Directive europ\u00e9enne 2006\/ce\/ LVD<\/li>\n<li>Directive europ\u00e9enne 2002\/95 CE ROHS<\/li>\n<li>Directive europ\u00e9enne 2004\/08\/CE CEM Norme EN 717-1<\/li>\n<li>Directive UNE-EN-14688-2007 appliqu\u00e9e aux vasques<\/li>\n<\/ul>\n<p>[\/vc_column_text][\/vc_column_inner][\/vc_row_inner][vc_row_inner el_class=\u00a0\u00bbsellos_de_calidad\u00a0\u00bb css=\u00a0\u00bb.vc_custom_1490598720447{margin-bottom: 100px !important;}\u00a0\u00bb][vc_column_inner width=\u00a0\u00bb1\/3&Prime; css=\u00a0\u00bb.vc_custom_1490360131370{padding-top: 175px !important;background-image: url(http:\/\/www.mueblesjumar.es\/wp-content\/uploads\/2017\/03\/aenor.png?id=285) !important;background-position: 0 0 !important;background-repeat: no-repeat !important;}\u00a0\u00bb][vc_column_text]<strong>CERTIFICAT UNE-EN ISO 9001:2000<\/strong><br \/>\n<a href=\"http:\/\/www.mueblesjumar.es\/wp-content\/uploads\/2017\/05\/ISO-9001-2018.pdf\" target=\"_blank\" rel=\"noopener noreferrer\">T\u00e9l\u00e9charger certifica \u00bb<\/a>[\/vc_column_text][\/vc_column_inner][vc_column_inner width=\u00a0\u00bb1\/3&Prime; css=\u00a0\u00bb.vc_custom_1490597463344{padding-top: 175px !important;background-image: url(http:\/\/www.mueblesjumar.es\/wp-content\/uploads\/2017\/03\/pefc.png?id=286) !important;background-position: 0 0 !important;background-repeat: no-repeat !important;}\u00a0\u00bb el_id=\u00a0\u00bblogo_pefc\u00a0\u00bb][vc_column_text]<strong>CERTIFICAT PEFC: 14-35-00192<\/strong><br \/>\n<a href=\"http:\/\/www.mueblesjumar.es\/wp-content\/uploads\/2017\/05\/certificado-PEFC-JUMAR.pdf\" target=\"_blank\" rel=\"noopener noreferrer\">T\u00e9l\u00e9charger certifica \u00bb<\/a>[\/vc_column_text][\/vc_column_inner][vc_column_inner width=\u00a0\u00bb1\/3&Prime; css=\u00a0\u00bb.vc_custom_1490598121306{padding-top: 175px !important;background-image: url(http:\/\/www.mueblesjumar.es\/wp-content\/uploads\/2017\/03\/ce.png?id=287) !important;background-position: 0 0 !important;background-repeat: no-repeat !important;}\u00a0\u00bb el_id=\u00a0\u00bbcertificado_ce\u00a0\u00bb][vc_column_text]<strong>CERTIFICAT CE<\/strong>[\/vc_column_text][\/vc_column_inner][\/vc_row_inner][\/vc_column][\/vc_row]<\/p>\n<\/div>","protected":false},"excerpt":{"rendered":"<p>[vc_row full_width=\u00a0\u00bbstretch_row\u00a0\u00bb css=\u00a0\u00bb.vc_custom_1490267789294{background-image: url(http:\/\/www.mueblesjumar.es\/wp-content\/uploads\/2017\/03\/cabecera_quienes_somos.jpg?id=179) !important;background-position: center !important;background-repeat: no-repeat !important;background-size: cover !important;}\u00a0\u00bb el_id=\u00a0\u00bbcabecera_con_imagen\u00a0\u00bb][vc_column][vc_column_text] \u00ab\u00a0Jumar, leaders en fabrication de meubles de salle de bain\u00a0\u00bb [\/vc_column_text][\/vc_column][\/vc_row][vc_row el_id=\u00a0\u00bbsubmenu\u00a0\u00bb][vc_column css=\u00a0\u00bb.vc_custom_1490271297608{padding-top: 0px !important;}\u00a0\u00bb][vc_wp_custommenu nav_menu=\u00a0\u00bb8&Prime;][\/vc_column][\/vc_row][vc_row full_width=\u00a0\u00bbstretch_row_content_no_spaces\u00a0\u00bb equal_height=\u00a0\u00bbyes\u00a0\u00bb css=\u00a0\u00bb.vc_custom_1492519352115{background-image: url(http:\/\/www.mueblesjumar.es\/wp-content\/uploads\/2017\/03\/burbujas2.jpg?id=355) !important;background-position: center !important;background-repeat: no-repeat !important;background-size: cover !important;}\u00a0\u00bb el_class=\u00a0\u00bbfondo_burbujas\u00a0\u00bb][vc_column css=\u00a0\u00bb.vc_custom_1490272475484{padding-top: 0px !important;}\u00a0\u00bb][vc_row_inner equal_height=\u00a0\u00bbyes\u00a0\u00bb css=\u00a0\u00bb.vc_custom_1490285928038{margin-bottom: 120px !important;background-position: center !important;background-repeat: no-repeat !important;background-size: cover !important;}\u00a0\u00bb][vc_column_inner width=\u00a0\u00bb1\/2&Prime; el_id=\u00a0\u00bbcolumna_texto_empresa\u00a0\u00bb [&hellip;]<\/p>\n","protected":false},"author":5,"featured_media":0,"parent":0,"menu_order":0,"comment_status":"closed","ping_status":"closed","template":"","meta":{"footnotes":""},"class_list":["post-1612","page","type-page","status-publish","hentry"],"_links":{"self":[{"href":"https:\/\/www.mueblesjumar.es\/fr\/wp-json\/wp\/v2\/pages\/1612","targetHints":{"allow":["GET"]}}],"collection":[{"href":"https:\/\/www.mueblesjumar.es\/fr\/wp-json\/wp\/v2\/pages"}],"about":[{"href":"https:\/\/www.mueblesjumar.es\/fr\/wp-json\/wp\/v2\/types\/page"}],"author":[{"embeddable":true,"href":"https:\/\/www.mueblesjumar.es\/fr\/wp-json\/wp\/v2\/users\/5"}],"replies":[{"embeddable":true,"href":"https:\/\/www.mueblesjumar.es\/fr\/wp-json\/wp\/v2\/comments?post=1612"}],"version-history":[{"count":3,"href":"https:\/\/www.mueblesjumar.es\/fr\/wp-json\/wp\/v2\/pages\/1612\/revisions"}],"predecessor-version":[{"id":5116,"href":"https:\/\/www.mueblesjumar.es\/fr\/wp-json\/wp\/v2\/pages\/1612\/revisions\/5116"}],"wp:attachment":[{"href":"https:\/\/www.mueblesjumar.es\/fr\/wp-json\/wp\/v2\/media?parent=1612"}],"curies":[{"name":"wp","href":"https:\/\/api.w.org\/{rel}","templated":true}]}}