{"id":1618,"date":"2017-07-27T08:54:40","date_gmt":"2017-07-27T08:54:40","guid":{"rendered":"http:\/\/www.mueblesjumar.es\/?page_id=1618\/"},"modified":"2018-06-08T12:26:27","modified_gmt":"2018-06-08T12:26:27","slug":"support-technique","status":"publish","type":"page","link":"https:\/\/www.mueblesjumar.es\/fr\/support-technique\/","title":{"rendered":"Support technique"},"content":{"rendered":"<div class=\"wpb-content-wrapper\"><p>[vc_row full_width=\u00a0\u00bbstretch_row\u00a0\u00bb css=\u00a0\u00bb.vc_custom_1492503703885{background-image: url(http:\/\/www.mueblesjumar.es\/wp-content\/uploads\/2017\/04\/cabecera_soporte.jpg?id=499) !important;background-position: center !important;background-repeat: no-repeat !important;background-size: cover !important;}\u00a0\u00bb el_id=\u00a0\u00bbcabecera_con_imagen_bold\u00a0\u00bb][vc_column][vc_column_text]<\/p>\n<h1>SUPPORT TECHNIQUE<\/h1>\n<p>[\/vc_column_text][\/vc_column][\/vc_row][vc_row full_width=\u00a0\u00bbstretch_row_content_no_spaces\u00a0\u00bb equal_height=\u00a0\u00bbyes\u00a0\u00bb css=\u00a0\u00bb.vc_custom_1492519434475{padding-top: 30px !important;background-image: url(http:\/\/www.mueblesjumar.es\/wp-content\/uploads\/2017\/03\/burbujas.jpg?id=350) !important;background-position: center !important;background-repeat: no-repeat !important;background-size: cover !important;}\u00a0\u00bb el_class=\u00a0\u00bbfondo_burbujas\u00a0\u00bb][vc_column css=\u00a0\u00bb.vc_custom_1490272475484{padding-top: 0px !important;}\u00a0\u00bb]<div itemscope=\"\" itemtype=\"http:\/\/schema.org\/BreadcrumbList\" id=\"breadcrumb_pagina\"><div itemprop=\"itemListElement\" itemscope=\"\" itemtype=\"http:\/\/schema.org\/ListItem\"><a itemscope=\"\" itemtype=\"http:\/\/schema.org\/Thing\" itemprop=\"item\" href=\"https:\/\/www.mueblesjumar.es\/fr\/\"><span itemprop=\"name\">Home<\/span><\/a><meta itemprop=\"position\" content=\"1\"><\/div><div itemprop=\"itemListElement\" itemscope=\"\" itemtype=\"http:\/\/schema.org\/ListItem\"><span>\/<\/span><a itemscope=\"\" itemtype=\"http:\/\/schema.org\/Thing\" itemprop=\"item\" href=\"https:\/\/www.mueblesjumar.es\/fr\/support-technique\/\"><span itemprop=\"name\">Support technique<\/span><\/a><meta itemprop=\"position\" content=\"2\"><\/div><\/div><div id=\"sombra_breadcrumb\"><\/div>[vc_row_inner equal_height=\u00a0\u00bbyes\u00a0\u00bb css=\u00a0\u00bb.vc_custom_1490273824676{margin-bottom: 70px !important;background-position: center !important;background-repeat: no-repeat !important;background-size: cover !important;}\u00a0\u00bb][vc_column_inner width=\u00a0\u00bb1\/2&Prime; el_id=\u00a0\u00bbcolumna_texto_empresa\u00a0\u00bb][vc_column_text]<\/p>\n<h2>SUPPORT<\/h2>\n<h3>Comment pouvons-nous vous aider? Contactez notre \u00e9quipe et r\u00e9solvez vos probl\u00e8mes<\/h3>\n<p>Notre \u00e9quipe technique est toujours pr\u00eate \u00e0 vous aider. Appelez-nous ou envoyez-nous un e-mail et recevez une solution.[\/vc_column_text][vc_column_text el_class=\u00a0\u00bbtexto_azul_espaciado\u00a0\u00bb]CONTACTER LE SUPPORT[\/vc_column_text][vc_column_text]T\u00e9l. + 34 96 244 09 07<br \/>\nFax + 34 96 244 01 65<br \/>\nE-mail: <a href=\"mailto:soporte@mueblesjumar.es\">soporte@mueblesjumar.es<\/a>[\/vc_column_text][vc_column_text el_class=\u00a0\u00bbtexto_azul_espaciado\u00a0\u00bb]HORAIRE D&rsquo;OUVERTURE:[\/vc_column_text][vc_column_text]Du lundi au vendredi de 9h00 \u00e0 13h30 et de 15h00 \u00e0 18h30[\/vc_column_text][\/vc_column_inner][vc_column_inner width=\u00a0\u00bb1\/2&Prime; css=\u00a0\u00bb.vc_custom_1528358535163{margin-left: 50px !important;background-image: url(http:\/\/www.mueblesjumar.es\/wp-content\/uploads\/2018\/06\/imagen_soporte.jpg?id=5331) !important;background-position: center !important;background-repeat: no-repeat !important;background-size: cover !important;}\u00a0\u00bb el_id=\u00a0\u00bbcolumna_imagen_empresa\u00a0\u00bb][\/vc_column_inner][\/vc_row_inner][\/vc_column][\/vc_row][vc_row full_width=\u00a0\u00bbstretch_row\u00a0\u00bb css=\u00a0\u00bb.vc_custom_1522916736154{padding-top: 43px !important;background-color: #eaf0f7 !important;}\u00a0\u00bb el_id=\u00a0\u00bbayuda_soporte_tecnico\u00a0\u00bb][vc_column width=\u00a0\u00bb1\/3&Prime; css=\u00a0\u00bb.vc_custom_1490687661473{padding-right: 0px !important;}\u00a0\u00bb][vc_single_image image=\u00a0\u00bb517&Prime; img_size=\u00a0\u00bbfull\u00a0\u00bb alignment=\u00a0\u00bbright\u00a0\u00bb][\/vc_column][vc_column width=\u00a0\u00bb2\/3&Prime;][vc_column_text el_class=\u00a0\u00bbtexto_empresa\u00a0\u00bb css=\u00a0\u00bb.vc_custom_1527248183510{padding-top: 12px !important;padding-left: 34px !important;}\u00a0\u00bb]<\/p>\n<h2>AVEZ-VOUS BESOIN<br \/>\nD\u00b4AIDE?<\/h2>\n<p style=\"max-width: 600px;\"><strong>Dites-nous vos doutes<\/strong> et notre \u00e9quipe technique vous contacteras pour les r\u00e9soudre.<\/p>\n<p>[\/vc_column_text][\/vc_column][\/vc_row][vc_row full_width=\u00a0\u00bbstretch_row\u00a0\u00bb css=\u00a0\u00bb.vc_custom_1490690539272{padding-bottom: 67px !important;background-color: #eaf0f7 !important;}\u00a0\u00bb][vc_column css=\u00a0\u00bb.vc_custom_1490689132178{padding-top: 0px !important;padding-right: 0px !important;}\u00a0\u00bb]<form id=\"formulario_soporte\"><div id=\"mensaje_solicitud\"><\/div><div class=\"columna\"><label><input name=\"nombre\" type=\"text\" placeholder=\"Nom*\"><\/label><\/div><div class=\"columna\"><label><input name=\"email\" type=\"text\" placeholder=\"Email*\"><\/label><\/div><div class=\"columna\"><label><input name=\"telefono\" type=\"text\" placeholder=\"T\u00e9l\u00e9phone*\"><\/label><\/div><label><textarea name=\"consulta\" placeholder=\"Commentaires*\"><\/textarea><\/label><div id=\"acepto_soporte\"><input type=\"checkbox\" name=\"acepto\"> J\u00b4ai lu et accepte la <a href=\"https:\/\/www.mueblesjumar.es\/fr\/politique-de-privacite\/\" target=\"_blank\">politique de privacit\u00e9<\/a>.<\/div><p id=\"boton_enviar\"><input type=\"submit\" value=\"Envoyer\"><\/p><\/form>[\/vc_column][\/vc_row]<\/p>\n<\/div>","protected":false},"excerpt":{"rendered":"<p>[vc_row full_width=\u00a0\u00bbstretch_row\u00a0\u00bb css=\u00a0\u00bb.vc_custom_1492503703885{background-image: url(http:\/\/www.mueblesjumar.es\/wp-content\/uploads\/2017\/04\/cabecera_soporte.jpg?id=499) !important;background-position: center !important;background-repeat: no-repeat !important;background-size: cover !important;}\u00a0\u00bb el_id=\u00a0\u00bbcabecera_con_imagen_bold\u00a0\u00bb][vc_column][vc_column_text] SUPPORT TECHNIQUE [\/vc_column_text][\/vc_column][\/vc_row][vc_row full_width=\u00a0\u00bbstretch_row_content_no_spaces\u00a0\u00bb equal_height=\u00a0\u00bbyes\u00a0\u00bb css=\u00a0\u00bb.vc_custom_1492519434475{padding-top: 30px !important;background-image: url(http:\/\/www.mueblesjumar.es\/wp-content\/uploads\/2017\/03\/burbujas.jpg?id=350) !important;background-position: center !important;background-repeat: no-repeat !important;background-size: cover !important;}\u00a0\u00bb el_class=\u00a0\u00bbfondo_burbujas\u00a0\u00bb][vc_column css=\u00a0\u00bb.vc_custom_1490272475484{padding-top: 0px !important;}\u00a0\u00bb][vc_row_inner equal_height=\u00a0\u00bbyes\u00a0\u00bb css=\u00a0\u00bb.vc_custom_1490273824676{margin-bottom: 70px !important;background-position: center !important;background-repeat: no-repeat !important;background-size: cover !important;}\u00a0\u00bb][vc_column_inner width=\u00a0\u00bb1\/2&Prime; el_id=\u00a0\u00bbcolumna_texto_empresa\u00a0\u00bb][vc_column_text] SUPPORT Comment pouvons-nous vous aider? Contactez notre \u00e9quipe et r\u00e9solvez vos [&hellip;]<\/p>\n","protected":false},"author":5,"featured_media":0,"parent":0,"menu_order":0,"comment_status":"closed","ping_status":"closed","template":"","meta":{"footnotes":""},"class_list":["post-1618","page","type-page","status-publish","hentry"],"_links":{"self":[{"href":"https:\/\/www.mueblesjumar.es\/fr\/wp-json\/wp\/v2\/pages\/1618","targetHints":{"allow":["GET"]}}],"collection":[{"href":"https:\/\/www.mueblesjumar.es\/fr\/wp-json\/wp\/v2\/pages"}],"about":[{"href":"https:\/\/www.mueblesjumar.es\/fr\/wp-json\/wp\/v2\/types\/page"}],"author":[{"embeddable":true,"href":"https:\/\/www.mueblesjumar.es\/fr\/wp-json\/wp\/v2\/users\/5"}],"replies":[{"embeddable":true,"href":"https:\/\/www.mueblesjumar.es\/fr\/wp-json\/wp\/v2\/comments?post=1618"}],"version-history":[{"count":8,"href":"https:\/\/www.mueblesjumar.es\/fr\/wp-json\/wp\/v2\/pages\/1618\/revisions"}],"predecessor-version":[{"id":5530,"href":"https:\/\/www.mueblesjumar.es\/fr\/wp-json\/wp\/v2\/pages\/1618\/revisions\/5530"}],"wp:attachment":[{"href":"https:\/\/www.mueblesjumar.es\/fr\/wp-json\/wp\/v2\/media?parent=1618"}],"curies":[{"name":"wp","href":"https:\/\/api.w.org\/{rel}","templated":true}]}}