{"id":4531,"date":"2017-03-23T12:05:27","date_gmt":"2017-03-23T12:05:27","guid":{"rendered":"http:\/\/www.mueblesjumar.es\/instalaciones-y-showroom\/"},"modified":"2018-06-08T12:05:59","modified_gmt":"2018-06-08T12:05:59","slug":"installations-et-showroom","status":"publish","type":"page","link":"https:\/\/www.mueblesjumar.es\/fr\/installations-et-showroom\/","title":{"rendered":"Installations et Showroom"},"content":{"rendered":"<div class=\"wpb-content-wrapper\"><p>[vc_row full_width=\u00a0\u00bbstretch_row\u00a0\u00bb css=\u00a0\u00bb.vc_custom_1490267789294{background-image: url(http:\/\/www.mueblesjumar.es\/wp-content\/uploads\/2017\/03\/cabecera_quienes_somos.jpg?id=179) !important;background-position: center !important;background-repeat: no-repeat !important;background-size: cover !important;}\u00a0\u00bb el_id=\u00a0\u00bbcabecera_con_imagen\u00a0\u00bb][vc_column][vc_column_text]<\/p>\n<h1>\u00ab\u00a0Jumar, leaders en fabrication<br \/>\nde meubles de salle de bain\u00a0\u00bb<\/h1>\n<p>[\/vc_column_text][\/vc_column][\/vc_row][vc_row el_id=\u00a0\u00bbsubmenu\u00a0\u00bb][vc_column css=\u00a0\u00bb.vc_custom_1490271297608{padding-top: 0px !important;}\u00a0\u00bb][vc_wp_custommenu nav_menu=\u00a0\u00bb8&Prime;][\/vc_column][\/vc_row][vc_row full_width=\u00a0\u00bbstretch_row_content_no_spaces\u00a0\u00bb equal_height=\u00a0\u00bbyes\u00a0\u00bb css=\u00a0\u00bb.vc_custom_1522918718790{padding-bottom: 123px !important;background-image: url(http:\/\/www.mueblesjumar.es\/wp-content\/uploads\/2017\/03\/burbujas.jpg?id=350) !important;background-position: center !important;background-repeat: no-repeat !important;background-size: cover !important;}\u00a0\u00bb el_class=\u00a0\u00bbfondo_burbujas\u00a0\u00bb el_id=\u00a0\u00bbtexto_instalaciones_showroom\u00a0\u00bb][vc_column css=\u00a0\u00bb.vc_custom_1490272475484{padding-top: 0px !important;}\u00a0\u00bb][vc_row_inner equal_height=\u00a0\u00bbyes\u00a0\u00bb css=\u00a0\u00bb.vc_custom_1490280202695{background-position: center !important;background-repeat: no-repeat !important;background-size: cover !important;}\u00a0\u00bb][vc_column_inner width=\u00a0\u00bb1\/2&Prime; el_id=\u00a0\u00bbcolumna_texto_empresa\u00a0\u00bb][vc_column_text css=\u00a0\u00bb.vc_custom_1528459456707{padding-bottom: 30px !important;}\u00a0\u00bb]<\/p>\n<h2>INSTALLATIONS<\/h2>\n<h3>Fabrication europ\u00e9enne avec la derni\u00e8re technologie.<\/h3>\n<p>\u00c0 Jumar, nous disposons de 15 000 m2 d&rsquo;installations \u00e9quip\u00e9es de la plus haute technologie. Nous appliquons les plus hauts standards de qualit\u00e9 europ\u00e9ens dans chacun des processus: conception, production, finition, assemblage et emballage. Ainsi nous pouvons nous assurer que le consommateur final re\u00e7oit le meilleur produit.<\/p>\n<p>L&rsquo;automatisation de tous les processus de production et de notre stock nous permet d&rsquo;offrir des prix comp\u00e9titifs \u00e0 nos clients et de garantir un service de livraison rapide.<\/p>\n<p>Nos installations, situ\u00e9es en Espagne, ont pour seul objectif d\u2019offrir le meilleur \u00e0 nos clients[\/vc_column_text][\/vc_column_inner][vc_column_inner width=\u00a0\u00bb1\/2&Prime; css=\u00a0\u00bb.vc_custom_1526647476204{margin-left: 50px !important;background-image: url(http:\/\/www.mueblesjumar.es\/wp-content\/uploads\/2018\/05\/instalaciones_jumar_02.jpg?id=5032) !important;background-position: center !important;background-repeat: no-repeat !important;background-size: cover !important;}\u00a0\u00bb el_id=\u00a0\u00bbcolumna_imagen_empresa\u00a0\u00bb][\/vc_column_inner][\/vc_row_inner][\/vc_column][\/vc_row][vc_row full_width=\u00a0\u00bbstretch_row\u00a0\u00bb css=\u00a0\u00bb.vc_custom_1522918786844{padding-top: 100px !important;padding-bottom: 50px !important;background-color: #eaf0f7 !important;}\u00a0\u00bb el_id=\u00a0\u00bbvideo_showroom\u00a0\u00bb][vc_column][vc_row_inner][vc_column_inner width=\u00a0\u00bb1\/2&Prime;][vc_video link=\u00a0\u00bbhttps:\/\/www.youtube.com\/watch?v=XnnZi6uoyxo\u00a0\u00bb css=\u00a0\u00bb.vc_custom_1490282578163{margin-bottom: 0px !important;}\u00a0\u00bb][vc_column_text]Muebles Jumar \u00e0 Cevisama[\/vc_column_text][\/vc_column_inner][vc_column_inner width=\u00a0\u00bb1\/2&Prime; css=\u00a0\u00bb.vc_custom_1490281911104{padding-left: 35px !important;}\u00a0\u00bb][vc_column_text el_class=\u00a0\u00bbtexto_empresa\u00a0\u00bb]<\/p>\n<h2>VISITER NOTRE SHOWROOM<\/h2>\n<p>Vous voulez nous rencontrer ? <strong> D\u00e9couvrez l\u2019exp\u00e9rience Jumar<\/strong> dans notre showroom permanent de meubles et d&rsquo;accessoires pour la salle de bain.\u00a0Prenez rendez-vous pour une visite personnalis\u00e9e afin de trouver la meilleure solution pour vos besoins.[\/vc_column_text][\/vc_column_inner][\/vc_row_inner][vc_btn title=\u00a0\u00bbDEMANDER UN RENDEZ-VOUS\u00a0\u00bb style=\u00a0\u00bbcustom\u00a0\u00bb custom_background=\u00a0\u00bb#eaf0f7&Prime; custom_text=\u00a0\u00bb#4080bd\u00a0\u00bb size=\u00a0\u00bblg\u00a0\u00bb align=\u00a0\u00bbcenter\u00a0\u00bb link=\u00a0\u00bburl:http%3A%2F%2Fwww.mueblesjumar.es%2Ffr%2Fcontact%2F|||\u00a0\u00bb el_class=\u00a0\u00bbboton_fr\u00a0\u00bb css=\u00a0\u00bb.vc_custom_1528281082770{margin-top: 30px !important;}\u00a0\u00bb][\/vc_column][\/vc_row]<\/p>\n<\/div>","protected":false},"excerpt":{"rendered":"<p>[vc_row full_width=\u00a0\u00bbstretch_row\u00a0\u00bb css=\u00a0\u00bb.vc_custom_1490267789294{background-image: url(http:\/\/www.mueblesjumar.es\/wp-content\/uploads\/2017\/03\/cabecera_quienes_somos.jpg?id=179) !important;background-position: center !important;background-repeat: no-repeat !important;background-size: cover !important;}\u00a0\u00bb el_id=\u00a0\u00bbcabecera_con_imagen\u00a0\u00bb][vc_column][vc_column_text] \u00ab\u00a0Jumar, leaders en fabrication de meubles de salle de bain\u00a0\u00bb [\/vc_column_text][\/vc_column][\/vc_row][vc_row el_id=\u00a0\u00bbsubmenu\u00a0\u00bb][vc_column css=\u00a0\u00bb.vc_custom_1490271297608{padding-top: 0px !important;}\u00a0\u00bb][vc_wp_custommenu nav_menu=\u00a0\u00bb8&Prime;][\/vc_column][\/vc_row][vc_row full_width=\u00a0\u00bbstretch_row_content_no_spaces\u00a0\u00bb equal_height=\u00a0\u00bbyes\u00a0\u00bb css=\u00a0\u00bb.vc_custom_1522918718790{padding-bottom: 123px !important;background-image: url(http:\/\/www.mueblesjumar.es\/wp-content\/uploads\/2017\/03\/burbujas.jpg?id=350) !important;background-position: center !important;background-repeat: no-repeat !important;background-size: cover !important;}\u00a0\u00bb el_class=\u00a0\u00bbfondo_burbujas\u00a0\u00bb el_id=\u00a0\u00bbtexto_instalaciones_showroom\u00a0\u00bb][vc_column css=\u00a0\u00bb.vc_custom_1490272475484{padding-top: 0px !important;}\u00a0\u00bb][vc_row_inner equal_height=\u00a0\u00bbyes\u00a0\u00bb css=\u00a0\u00bb.vc_custom_1490280202695{background-position: center !important;background-repeat: no-repeat !important;background-size: cover !important;}\u00a0\u00bb][vc_column_inner width=\u00a0\u00bb1\/2&Prime; [&hellip;]<\/p>\n","protected":false},"author":5,"featured_media":0,"parent":0,"menu_order":0,"comment_status":"closed","ping_status":"closed","template":"","meta":{"footnotes":""},"class_list":["post-4531","page","type-page","status-publish","hentry"],"_links":{"self":[{"href":"https:\/\/www.mueblesjumar.es\/fr\/wp-json\/wp\/v2\/pages\/4531","targetHints":{"allow":["GET"]}}],"collection":[{"href":"https:\/\/www.mueblesjumar.es\/fr\/wp-json\/wp\/v2\/pages"}],"about":[{"href":"https:\/\/www.mueblesjumar.es\/fr\/wp-json\/wp\/v2\/types\/page"}],"author":[{"embeddable":true,"href":"https:\/\/www.mueblesjumar.es\/fr\/wp-json\/wp\/v2\/users\/5"}],"replies":[{"embeddable":true,"href":"https:\/\/www.mueblesjumar.es\/fr\/wp-json\/wp\/v2\/comments?post=4531"}],"version-history":[{"count":13,"href":"https:\/\/www.mueblesjumar.es\/fr\/wp-json\/wp\/v2\/pages\/4531\/revisions"}],"predecessor-version":[{"id":5524,"href":"https:\/\/www.mueblesjumar.es\/fr\/wp-json\/wp\/v2\/pages\/4531\/revisions\/5524"}],"wp:attachment":[{"href":"https:\/\/www.mueblesjumar.es\/fr\/wp-json\/wp\/v2\/media?parent=4531"}],"curies":[{"name":"wp","href":"https:\/\/api.w.org\/{rel}","templated":true}]}}