{"id":4539,"date":"2017-03-28T07:10:02","date_gmt":"2017-03-28T07:10:02","guid":{"rendered":"http:\/\/www.mueblesjumar.es\/diseno-a-medida\/"},"modified":"2018-06-08T12:07:57","modified_gmt":"2018-06-08T12:07:57","slug":"design-sur-mesure","status":"publish","type":"page","link":"https:\/\/www.mueblesjumar.es\/fr\/design-sur-mesure\/","title":{"rendered":"Design sur mesure"},"content":{"rendered":"<div class=\"wpb-content-wrapper\"><p>[vc_row full_width=\u00a0\u00bbstretch_row\u00a0\u00bb css=\u00a0\u00bb.vc_custom_1490267789294{background-image: url(http:\/\/www.mueblesjumar.es\/wp-content\/uploads\/2017\/03\/cabecera_quienes_somos.jpg?id=179) !important;background-position: center !important;background-repeat: no-repeat !important;background-size: cover !important;}\u00a0\u00bb el_id=\u00a0\u00bbcabecera_con_imagen\u00a0\u00bb][vc_column][vc_column_text]<\/p>\n<h1>\u00ab\u00a0Jumar, leaders en fabrication<br \/>\nde meubles de salle de bain\u00a0\u00bb<\/h1>\n<p>[\/vc_column_text][\/vc_column][\/vc_row][vc_row el_id=\u00a0\u00bbsubmenu\u00a0\u00bb][vc_column css=\u00a0\u00bb.vc_custom_1490271297608{padding-top: 0px !important;}\u00a0\u00bb][vc_wp_custommenu nav_menu=\u00a0\u00bb8&Prime;][\/vc_column][\/vc_row][vc_row full_width=\u00a0\u00bbstretch_row_content_no_spaces\u00a0\u00bb equal_height=\u00a0\u00bbyes\u00a0\u00bb css=\u00a0\u00bb.vc_custom_1492519379709{background-image: url(http:\/\/www.mueblesjumar.es\/wp-content\/uploads\/2017\/03\/burbujas.jpg?id=350) !important;background-position: center !important;background-repeat: no-repeat !important;background-size: cover !important;}\u00a0\u00bb el_class=\u00a0\u00bbfondo_burbujas\u00a0\u00bb][vc_column css=\u00a0\u00bb.vc_custom_1490272475484{padding-top: 0px !important;}\u00a0\u00bb][vc_row_inner equal_height=\u00a0\u00bbyes\u00a0\u00bb css=\u00a0\u00bb.vc_custom_1490273824676{margin-bottom: 70px !important;background-position: center !important;background-repeat: no-repeat !important;background-size: cover !important;}\u00a0\u00bb][vc_column_inner width=\u00a0\u00bb1\/2&Prime; el_id=\u00a0\u00bbcolumna_texto_empresa\u00a0\u00bb][vc_column_text]<\/p>\n<h2>POUR DE GRANDES<br \/>\nQUANTIT\u00c9S<\/h2>\n<h3>Nous concevons et fabriquons vos meubles sur mesure pour la production en grandes quantit\u00e9s<\/h3>\n<p>Nos 40 ann\u00e9es d&rsquo;exp\u00e9rience sont \u00e0 votre disposition pour trouver le produit parfait pour vos clients. Nous sommes une \u00e9quipe flexible et nous vous offrons un design ainsi qu\u2019une fabrication sur mesure. Nous cr\u00e9ons des collections exclusives afin que nos clients puissent compter sur les meilleurs meubles de salle de bain pour leur public.<\/p>\n<p>Tout cela avec la qualit\u00e9 et la garantie d&rsquo;une r\u00e9f\u00e9rence mondiale, Muebles Jumar:<\/p>\n<ul>\n<li>Livraison ponctuelle et en parfait \u00e9tat<\/li>\n<li>Prix comp\u00e9titifs<\/li>\n<li>Deux ans de garantie contre tout d\u00e9faut de fabrication.<\/li>\n<\/ul>\n<p>[\/vc_column_text][\/vc_column_inner][vc_column_inner width=\u00a0\u00bb1\/2&Prime; css=\u00a0\u00bb.vc_custom_1528359372839{margin-left: 50px !important;background-image: url(http:\/\/www.mueblesjumar.es\/wp-content\/uploads\/2018\/06\/diseno_a_medida.jpg?id=5336) !important;background-position: center !important;background-repeat: no-repeat !important;background-size: cover !important;}\u00a0\u00bb el_id=\u00a0\u00bbcolumna_imagen_empresa\u00a0\u00bb][\/vc_column_inner][\/vc_row_inner][\/vc_column][\/vc_row][vc_row full_width=\u00a0\u00bbstretch_row\u00a0\u00bb css=\u00a0\u00bb.vc_custom_1522757366094{padding-top: 43px !important;background-color: #eaf0f7 !important;}\u00a0\u00bb el_id=\u00a0\u00bbtexto_formulario_medida\u00a0\u00bb][vc_column width=\u00a0\u00bb1\/3&Prime; css=\u00a0\u00bb.vc_custom_1490687661473{padding-right: 0px !important;}\u00a0\u00bb][vc_single_image image=\u00a0\u00bb362&Prime; img_size=\u00a0\u00bbfull\u00a0\u00bb alignment=\u00a0\u00bbright\u00a0\u00bb][\/vc_column][vc_column width=\u00a0\u00bb2\/3&Prime;][vc_column_text el_class=\u00a0\u00bbtexto_empresa\u00a0\u00bb css=\u00a0\u00bb.vc_custom_1527147233279{padding-top: 12px !important;padding-left: 34px !important;}\u00a0\u00bb]<\/p>\n<h2>AVEZ-VOUS BESOIN<br \/>\nD&rsquo;UN DESIGN PERSONNALIS\u00c9?<\/h2>\n<p style=\"max-width: 600px;\"><strong>Dites-nous votre proposition<\/strong> et nous vous aiderons \u00e0 obtenir le mobilier de salle de bain dont vos clients ont besoin.<\/p>\n<p>[\/vc_column_text][\/vc_column][\/vc_row][vc_row full_width=\u00a0\u00bbstretch_row\u00a0\u00bb css=\u00a0\u00bb.vc_custom_1490690539272{padding-bottom: 67px !important;background-color: #eaf0f7 !important;}\u00a0\u00bb][vc_column css=\u00a0\u00bb.vc_custom_1490689132178{padding-top: 0px !important;padding-right: 0px !important;}\u00a0\u00bb]<form id=\"disenyo_a_medida\"><div id=\"mensaje_solicitud\"><\/div><div class=\"columna\"><label><input name=\"cantidad\" type=\"text\" placeholder=\"Montant estim\u00e9 *\"><\/label><label><input name=\"nombre\" type=\"text\" placeholder=\"Nom*\"><\/label><\/div><div class=\"columna\"><label><input name=\"empresa\" type=\"text\" placeholder=\"Entreprise*\"><\/label><label><input name=\"email\" type=\"text\" placeholder=\"Email*\"><\/label><\/div><div class=\"columna\"><label><textarea name=\"consulta\" placeholder=\"Commentaires*\"><\/textarea><\/label><\/div><div id=\"acepto_a_medida\"><input type=\"checkbox\" name=\"acepto\"> J\u00b4ai lu et accepte la <a href=\"https:\/\/www.mueblesjumar.es\/fr\/politique-de-privacite\/\" target=\"_blank\">politique de privacit\u00e9<\/a>.<\/div><p id=\"boton_enviar\"><input type=\"submit\" value=\"Envoyer\"><\/p><\/form>[\/vc_column][\/vc_row]<\/p>\n<\/div>","protected":false},"excerpt":{"rendered":"<p>[vc_row full_width=\u00a0\u00bbstretch_row\u00a0\u00bb css=\u00a0\u00bb.vc_custom_1490267789294{background-image: url(http:\/\/www.mueblesjumar.es\/wp-content\/uploads\/2017\/03\/cabecera_quienes_somos.jpg?id=179) !important;background-position: center !important;background-repeat: no-repeat !important;background-size: cover !important;}\u00a0\u00bb el_id=\u00a0\u00bbcabecera_con_imagen\u00a0\u00bb][vc_column][vc_column_text] \u00ab\u00a0Jumar, leaders en fabrication de meubles de salle de bain\u00a0\u00bb [\/vc_column_text][\/vc_column][\/vc_row][vc_row el_id=\u00a0\u00bbsubmenu\u00a0\u00bb][vc_column css=\u00a0\u00bb.vc_custom_1490271297608{padding-top: 0px !important;}\u00a0\u00bb][vc_wp_custommenu nav_menu=\u00a0\u00bb8&Prime;][\/vc_column][\/vc_row][vc_row full_width=\u00a0\u00bbstretch_row_content_no_spaces\u00a0\u00bb equal_height=\u00a0\u00bbyes\u00a0\u00bb css=\u00a0\u00bb.vc_custom_1492519379709{background-image: url(http:\/\/www.mueblesjumar.es\/wp-content\/uploads\/2017\/03\/burbujas.jpg?id=350) !important;background-position: center !important;background-repeat: no-repeat !important;background-size: cover !important;}\u00a0\u00bb el_class=\u00a0\u00bbfondo_burbujas\u00a0\u00bb][vc_column css=\u00a0\u00bb.vc_custom_1490272475484{padding-top: 0px !important;}\u00a0\u00bb][vc_row_inner equal_height=\u00a0\u00bbyes\u00a0\u00bb css=\u00a0\u00bb.vc_custom_1490273824676{margin-bottom: 70px !important;background-position: center !important;background-repeat: no-repeat !important;background-size: cover !important;}\u00a0\u00bb][vc_column_inner width=\u00a0\u00bb1\/2&Prime; el_id=\u00a0\u00bbcolumna_texto_empresa\u00a0\u00bb][vc_column_text] [&hellip;]<\/p>\n","protected":false},"author":5,"featured_media":0,"parent":0,"menu_order":0,"comment_status":"closed","ping_status":"closed","template":"","meta":{"footnotes":""},"class_list":["post-4539","page","type-page","status-publish","hentry"],"_links":{"self":[{"href":"https:\/\/www.mueblesjumar.es\/fr\/wp-json\/wp\/v2\/pages\/4539","targetHints":{"allow":["GET"]}}],"collection":[{"href":"https:\/\/www.mueblesjumar.es\/fr\/wp-json\/wp\/v2\/pages"}],"about":[{"href":"https:\/\/www.mueblesjumar.es\/fr\/wp-json\/wp\/v2\/types\/page"}],"author":[{"embeddable":true,"href":"https:\/\/www.mueblesjumar.es\/fr\/wp-json\/wp\/v2\/users\/5"}],"replies":[{"embeddable":true,"href":"https:\/\/www.mueblesjumar.es\/fr\/wp-json\/wp\/v2\/comments?post=4539"}],"version-history":[{"count":7,"href":"https:\/\/www.mueblesjumar.es\/fr\/wp-json\/wp\/v2\/pages\/4539\/revisions"}],"predecessor-version":[{"id":5526,"href":"https:\/\/www.mueblesjumar.es\/fr\/wp-json\/wp\/v2\/pages\/4539\/revisions\/5526"}],"wp:attachment":[{"href":"https:\/\/www.mueblesjumar.es\/fr\/wp-json\/wp\/v2\/media?parent=4539"}],"curies":[{"name":"wp","href":"https:\/\/api.w.org\/{rel}","templated":true}]}}